{"id":994,"date":"2020-05-11T15:56:50","date_gmt":"2020-05-11T19:56:50","guid":{"rendered":"https:\/\/smho-smso.ca\/emhc\/?page_id=994"},"modified":"2020-07-14T20:07:40","modified_gmt":"2020-07-15T00:07:40","slug":"la-perseverance","status":"publish","type":"page","link":"https:\/\/smho-smso.ca\/emhc\/motivation-positive-et-perseverance\/la-perseverance\/","title":{"rendered":"La pers\u00e9v\u00e9rance"},"content":{"rendered":"","protected":false},"excerpt":{"rendered":"<p>Souligner le m\u00e9rite de la pers\u00e9v\u00e9rance, en rappelant aux \u00e9l\u00e8ves que le fait de faire face \u00e0 des d\u00e9fis et de les surmonter peut avoir de nombreuses r\u00e9compenses, dont les aider sur leur chemain vers la r\u00e9ussite.<\/p>\n","protected":false},"author":2,"featured_media":1676,"parent":507,"menu_order":3,"comment_status":"closed","ping_status":"closed","template":"child-template.php","meta":{"_acf_changed":false,"footnotes":""},"categories":[],"tags":[],"class_list":["post-994","page","type-page","status-publish","has-post-thumbnail","hentry"],"acf":[],"_links":{"self":[{"href":"https:\/\/smho-smso.ca\/emhc\/wp-json\/wp\/v2\/pages\/994","targetHints":{"allow":["GET"]}}],"collection":[{"href":"https:\/\/smho-smso.ca\/emhc\/wp-json\/wp\/v2\/pages"}],"about":[{"href":"https:\/\/smho-smso.ca\/emhc\/wp-json\/wp\/v2\/types\/page"}],"author":[{"embeddable":true,"href":"https:\/\/smho-smso.ca\/emhc\/wp-json\/wp\/v2\/users\/2"}],"replies":[{"embeddable":true,"href":"https:\/\/smho-smso.ca\/emhc\/wp-json\/wp\/v2\/comments?post=994"}],"version-history":[{"count":1,"href":"https:\/\/smho-smso.ca\/emhc\/wp-json\/wp\/v2\/pages\/994\/revisions"}],"predecessor-version":[{"id":995,"href":"https:\/\/smho-smso.ca\/emhc\/wp-json\/wp\/v2\/pages\/994\/revisions\/995"}],"up":[{"embeddable":true,"href":"https:\/\/smho-smso.ca\/emhc\/wp-json\/wp\/v2\/pages\/507"}],"wp:featuredmedia":[{"embeddable":true,"href":"https:\/\/smho-smso.ca\/emhc\/wp-json\/wp\/v2\/media\/1676"}],"wp:attachment":[{"href":"https:\/\/smho-smso.ca\/emhc\/wp-json\/wp\/v2\/media?parent=994"}],"wp:term":[{"taxonomy":"category","embeddable":true,"href":"https:\/\/smho-smso.ca\/emhc\/wp-json\/wp\/v2\/categories?post=994"},{"taxonomy":"post_tag","embeddable":true,"href":"https:\/\/smho-smso.ca\/emhc\/wp-json\/wp\/v2\/tags?post=994"}],"curies":[{"name":"wp","href":"https:\/\/api.w.org\/{rel}","templated":true}]}}