{"id":988,"date":"2020-05-11T15:54:31","date_gmt":"2020-05-11T19:54:31","guid":{"rendered":"https:\/\/smho-smso.ca\/emhc\/?page_id=988"},"modified":"2020-07-14T19:47:09","modified_gmt":"2020-07-14T23:47:09","slug":"comprendre","status":"publish","type":"page","link":"https:\/\/smho-smso.ca\/emhc\/reconnaissance-et-gestion-des-emotions\/comprendre\/","title":{"rendered":"Comprendre"},"content":{"rendered":"","protected":false},"excerpt":{"rendered":"<p>Aider les \u00e9l\u00e8ves \u00e0 reconna\u00eetre leurs propres sentiments et ceux des autres, sans jugement, am\u00e9liore la conscience de soi, l\u2019empathie et favorise le d\u00e9veloppement de relations saines. Les \u00e9l\u00e8ves apprennent \u00e0 reconna\u00eetre la relation qui existe entre les pens\u00e9es, les sentiments et les actions.<\/p>\n","protected":false},"author":2,"featured_media":1665,"parent":505,"menu_order":3,"comment_status":"closed","ping_status":"closed","template":"child-template.php","meta":{"_acf_changed":false,"footnotes":""},"categories":[],"tags":[],"class_list":["post-988","page","type-page","status-publish","has-post-thumbnail","hentry"],"acf":[],"_links":{"self":[{"href":"https:\/\/smho-smso.ca\/emhc\/wp-json\/wp\/v2\/pages\/988","targetHints":{"allow":["GET"]}}],"collection":[{"href":"https:\/\/smho-smso.ca\/emhc\/wp-json\/wp\/v2\/pages"}],"about":[{"href":"https:\/\/smho-smso.ca\/emhc\/wp-json\/wp\/v2\/types\/page"}],"author":[{"embeddable":true,"href":"https:\/\/smho-smso.ca\/emhc\/wp-json\/wp\/v2\/users\/2"}],"replies":[{"embeddable":true,"href":"https:\/\/smho-smso.ca\/emhc\/wp-json\/wp\/v2\/comments?post=988"}],"version-history":[{"count":1,"href":"https:\/\/smho-smso.ca\/emhc\/wp-json\/wp\/v2\/pages\/988\/revisions"}],"predecessor-version":[{"id":989,"href":"https:\/\/smho-smso.ca\/emhc\/wp-json\/wp\/v2\/pages\/988\/revisions\/989"}],"up":[{"embeddable":true,"href":"https:\/\/smho-smso.ca\/emhc\/wp-json\/wp\/v2\/pages\/505"}],"wp:featuredmedia":[{"embeddable":true,"href":"https:\/\/smho-smso.ca\/emhc\/wp-json\/wp\/v2\/media\/1665"}],"wp:attachment":[{"href":"https:\/\/smho-smso.ca\/emhc\/wp-json\/wp\/v2\/media?parent=988"}],"wp:term":[{"taxonomy":"category","embeddable":true,"href":"https:\/\/smho-smso.ca\/emhc\/wp-json\/wp\/v2\/categories?post=988"},{"taxonomy":"post_tag","embeddable":true,"href":"https:\/\/smho-smso.ca\/emhc\/wp-json\/wp\/v2\/tags?post=988"}],"curies":[{"name":"wp","href":"https:\/\/api.w.org\/{rel}","templated":true}]}}