{"id":985,"date":"2020-05-11T15:53:22","date_gmt":"2020-05-11T19:53:22","guid":{"rendered":"https:\/\/smho-smso.ca\/emhc\/?page_id=985"},"modified":"2020-07-14T19:39:15","modified_gmt":"2020-07-14T23:39:15","slug":"reconnaitre","status":"publish","type":"page","link":"https:\/\/smho-smso.ca\/emhc\/reconnaissance-et-gestion-des-emotions\/reconnaitre\/","title":{"rendered":"Reconna\u00eetre"},"content":{"rendered":"","protected":false},"excerpt":{"rendered":"<p>La capacit\u00e9 des \u00e9l\u00e8ves \u00e0 reconna\u00eetre leurs \u00e9motions et les sentiments des autres, soutient le d\u00e9veloppement de soi et la conscience sociale. Comprendre les \u00e9motions peut favoriser l\u2019empathie et la compassion, et ainsi contribuer au d\u00e9veloppement de relations positives entre pairs.<\/p>\n","protected":false},"author":2,"featured_media":1663,"parent":505,"menu_order":2,"comment_status":"closed","ping_status":"closed","template":"child-template.php","meta":{"_acf_changed":false,"footnotes":""},"categories":[],"tags":[],"class_list":["post-985","page","type-page","status-publish","has-post-thumbnail","hentry"],"acf":[],"_links":{"self":[{"href":"https:\/\/smho-smso.ca\/emhc\/wp-json\/wp\/v2\/pages\/985","targetHints":{"allow":["GET"]}}],"collection":[{"href":"https:\/\/smho-smso.ca\/emhc\/wp-json\/wp\/v2\/pages"}],"about":[{"href":"https:\/\/smho-smso.ca\/emhc\/wp-json\/wp\/v2\/types\/page"}],"author":[{"embeddable":true,"href":"https:\/\/smho-smso.ca\/emhc\/wp-json\/wp\/v2\/users\/2"}],"replies":[{"embeddable":true,"href":"https:\/\/smho-smso.ca\/emhc\/wp-json\/wp\/v2\/comments?post=985"}],"version-history":[{"count":1,"href":"https:\/\/smho-smso.ca\/emhc\/wp-json\/wp\/v2\/pages\/985\/revisions"}],"predecessor-version":[{"id":986,"href":"https:\/\/smho-smso.ca\/emhc\/wp-json\/wp\/v2\/pages\/985\/revisions\/986"}],"up":[{"embeddable":true,"href":"https:\/\/smho-smso.ca\/emhc\/wp-json\/wp\/v2\/pages\/505"}],"wp:featuredmedia":[{"embeddable":true,"href":"https:\/\/smho-smso.ca\/emhc\/wp-json\/wp\/v2\/media\/1663"}],"wp:attachment":[{"href":"https:\/\/smho-smso.ca\/emhc\/wp-json\/wp\/v2\/media?parent=985"}],"wp:term":[{"taxonomy":"category","embeddable":true,"href":"https:\/\/smho-smso.ca\/emhc\/wp-json\/wp\/v2\/categories?post=985"},{"taxonomy":"post_tag","embeddable":true,"href":"https:\/\/smho-smso.ca\/emhc\/wp-json\/wp\/v2\/tags?post=985"}],"curies":[{"name":"wp","href":"https:\/\/api.w.org\/{rel}","templated":true}]}}