{"id":979,"date":"2020-05-11T15:49:04","date_gmt":"2020-05-11T19:49:04","guid":{"rendered":"https:\/\/smho-smso.ca\/emhc\/?page_id=979"},"modified":"2020-08-15T18:18:54","modified_gmt":"2020-08-15T22:18:54","slug":"le-recadrage","status":"publish","type":"page","link":"https:\/\/smho-smso.ca\/emhc\/motivation-positive-et-perseverance\/le-recadrage\/","title":{"rendered":"Le recadrage"},"content":{"rendered":"","protected":false},"excerpt":{"rendered":"<p>Le recadrage encourage les \u00e9l\u00e8ves \u00e0 reconna\u00eetre diff\u00e9rentes explications et diff\u00e9rents points de vue relatifs \u00e0 certaines situations. Le d\u00e9veloppement de cette habilet\u00e9 permet aux \u00e9l\u00e8ves de r\u00e9pondre de fa\u00e7on plus positive aux situations difficiles et aux \u00e9v\u00e9nements pour lesquels ils ont moins de contr\u00f4le. <\/p>\n","protected":false},"author":2,"featured_media":2104,"parent":507,"menu_order":1,"comment_status":"closed","ping_status":"closed","template":"child-template.php","meta":{"_acf_changed":false,"footnotes":""},"categories":[],"tags":[],"class_list":["post-979","page","type-page","status-publish","has-post-thumbnail","hentry"],"acf":[],"_links":{"self":[{"href":"https:\/\/smho-smso.ca\/emhc\/wp-json\/wp\/v2\/pages\/979","targetHints":{"allow":["GET"]}}],"collection":[{"href":"https:\/\/smho-smso.ca\/emhc\/wp-json\/wp\/v2\/pages"}],"about":[{"href":"https:\/\/smho-smso.ca\/emhc\/wp-json\/wp\/v2\/types\/page"}],"author":[{"embeddable":true,"href":"https:\/\/smho-smso.ca\/emhc\/wp-json\/wp\/v2\/users\/2"}],"replies":[{"embeddable":true,"href":"https:\/\/smho-smso.ca\/emhc\/wp-json\/wp\/v2\/comments?post=979"}],"version-history":[{"count":1,"href":"https:\/\/smho-smso.ca\/emhc\/wp-json\/wp\/v2\/pages\/979\/revisions"}],"predecessor-version":[{"id":980,"href":"https:\/\/smho-smso.ca\/emhc\/wp-json\/wp\/v2\/pages\/979\/revisions\/980"}],"up":[{"embeddable":true,"href":"https:\/\/smho-smso.ca\/emhc\/wp-json\/wp\/v2\/pages\/507"}],"wp:featuredmedia":[{"embeddable":true,"href":"https:\/\/smho-smso.ca\/emhc\/wp-json\/wp\/v2\/media\/2104"}],"wp:attachment":[{"href":"https:\/\/smho-smso.ca\/emhc\/wp-json\/wp\/v2\/media?parent=979"}],"wp:term":[{"taxonomy":"category","embeddable":true,"href":"https:\/\/smho-smso.ca\/emhc\/wp-json\/wp\/v2\/categories?post=979"},{"taxonomy":"post_tag","embeddable":true,"href":"https:\/\/smho-smso.ca\/emhc\/wp-json\/wp\/v2\/tags?post=979"}],"curies":[{"name":"wp","href":"https:\/\/api.w.org\/{rel}","templated":true}]}}