{"id":971,"date":"2020-05-11T15:30:01","date_gmt":"2020-05-11T19:30:01","guid":{"rendered":"https:\/\/smho-smso.ca\/emhc\/?page_id=971"},"modified":"2020-07-14T19:13:20","modified_gmt":"2020-07-14T23:13:20","slug":"la-recherche-daide","status":"publish","type":"page","link":"https:\/\/smho-smso.ca\/emhc\/gestion-du-stress-et-adaptation\/la-recherche-daide\/","title":{"rendered":"La recherche d\u2019aide"},"content":{"rendered":"","protected":false},"excerpt":{"rendered":"<p>Savoir comment et quand demander de l\u2019aide est une habilet\u00e9 essentielle tant personnellement qu&#8217;au point de vue acad\u00e9mique. Le personnel scolaire devrait encourager les \u00e9l\u00e8ves \u00e0 chercher le soutien n\u00e9cessaire pour r\u00e9pondre \u00e0 leurs besoins \u00e9motionnels. Donner l\u2019exemple et pratiquer la recherche d\u2019aide permettent de r\u00e9duire la stigmatisation parfois associ\u00e9e \u00e0 la demande d\u2019aide.<\/p>\n","protected":false},"author":2,"featured_media":1661,"parent":500,"menu_order":6,"comment_status":"closed","ping_status":"closed","template":"child-template.php","meta":{"_acf_changed":false,"footnotes":""},"categories":[],"tags":[],"class_list":["post-971","page","type-page","status-publish","has-post-thumbnail","hentry"],"acf":[],"_links":{"self":[{"href":"https:\/\/smho-smso.ca\/emhc\/wp-json\/wp\/v2\/pages\/971","targetHints":{"allow":["GET"]}}],"collection":[{"href":"https:\/\/smho-smso.ca\/emhc\/wp-json\/wp\/v2\/pages"}],"about":[{"href":"https:\/\/smho-smso.ca\/emhc\/wp-json\/wp\/v2\/types\/page"}],"author":[{"embeddable":true,"href":"https:\/\/smho-smso.ca\/emhc\/wp-json\/wp\/v2\/users\/2"}],"replies":[{"embeddable":true,"href":"https:\/\/smho-smso.ca\/emhc\/wp-json\/wp\/v2\/comments?post=971"}],"version-history":[{"count":1,"href":"https:\/\/smho-smso.ca\/emhc\/wp-json\/wp\/v2\/pages\/971\/revisions"}],"predecessor-version":[{"id":972,"href":"https:\/\/smho-smso.ca\/emhc\/wp-json\/wp\/v2\/pages\/971\/revisions\/972"}],"up":[{"embeddable":true,"href":"https:\/\/smho-smso.ca\/emhc\/wp-json\/wp\/v2\/pages\/500"}],"wp:featuredmedia":[{"embeddable":true,"href":"https:\/\/smho-smso.ca\/emhc\/wp-json\/wp\/v2\/media\/1661"}],"wp:attachment":[{"href":"https:\/\/smho-smso.ca\/emhc\/wp-json\/wp\/v2\/media?parent=971"}],"wp:term":[{"taxonomy":"category","embeddable":true,"href":"https:\/\/smho-smso.ca\/emhc\/wp-json\/wp\/v2\/categories?post=971"},{"taxonomy":"post_tag","embeddable":true,"href":"https:\/\/smho-smso.ca\/emhc\/wp-json\/wp\/v2\/tags?post=971"}],"curies":[{"name":"wp","href":"https:\/\/api.w.org\/{rel}","templated":true}]}}