{"id":968,"date":"2020-05-11T15:28:59","date_gmt":"2020-05-11T19:28:59","guid":{"rendered":"https:\/\/smho-smso.ca\/emhc\/?page_id=968"},"modified":"2020-07-14T19:07:08","modified_gmt":"2020-07-14T23:07:08","slug":"limagerie-mentale-dirigee","status":"publish","type":"page","link":"https:\/\/smho-smso.ca\/emhc\/gestion-du-stress-et-adaptation\/limagerie-mentale-dirigee\/","title":{"rendered":"L\u2019imagerie mentale dirig\u00e9e"},"content":{"rendered":"","protected":false},"excerpt":{"rendered":"<p>L\u2019imagerie mentale dirig\u00e9e permet aux \u00e9l\u00e8ves de tourner leur attention vers des pens\u00e9es positives plut\u00f4t que sur les inqui\u00e9tudes. Elle peut les aider \u00e0 se d\u00e9tendre tout en visualisant une image qui incite une sensation de calme et de d\u00e9tente.<\/p>\n","protected":false},"author":2,"featured_media":1657,"parent":500,"menu_order":5,"comment_status":"closed","ping_status":"closed","template":"child-template.php","meta":{"_acf_changed":false,"footnotes":""},"categories":[],"tags":[],"class_list":["post-968","page","type-page","status-publish","has-post-thumbnail","hentry"],"acf":[],"_links":{"self":[{"href":"https:\/\/smho-smso.ca\/emhc\/wp-json\/wp\/v2\/pages\/968","targetHints":{"allow":["GET"]}}],"collection":[{"href":"https:\/\/smho-smso.ca\/emhc\/wp-json\/wp\/v2\/pages"}],"about":[{"href":"https:\/\/smho-smso.ca\/emhc\/wp-json\/wp\/v2\/types\/page"}],"author":[{"embeddable":true,"href":"https:\/\/smho-smso.ca\/emhc\/wp-json\/wp\/v2\/users\/2"}],"replies":[{"embeddable":true,"href":"https:\/\/smho-smso.ca\/emhc\/wp-json\/wp\/v2\/comments?post=968"}],"version-history":[{"count":1,"href":"https:\/\/smho-smso.ca\/emhc\/wp-json\/wp\/v2\/pages\/968\/revisions"}],"predecessor-version":[{"id":969,"href":"https:\/\/smho-smso.ca\/emhc\/wp-json\/wp\/v2\/pages\/968\/revisions\/969"}],"up":[{"embeddable":true,"href":"https:\/\/smho-smso.ca\/emhc\/wp-json\/wp\/v2\/pages\/500"}],"wp:featuredmedia":[{"embeddable":true,"href":"https:\/\/smho-smso.ca\/emhc\/wp-json\/wp\/v2\/media\/1657"}],"wp:attachment":[{"href":"https:\/\/smho-smso.ca\/emhc\/wp-json\/wp\/v2\/media?parent=968"}],"wp:term":[{"taxonomy":"category","embeddable":true,"href":"https:\/\/smho-smso.ca\/emhc\/wp-json\/wp\/v2\/categories?post=968"},{"taxonomy":"post_tag","embeddable":true,"href":"https:\/\/smho-smso.ca\/emhc\/wp-json\/wp\/v2\/tags?post=968"}],"curies":[{"name":"wp","href":"https:\/\/api.w.org\/{rel}","templated":true}]}}