{"id":902,"date":"2020-05-09T02:58:30","date_gmt":"2020-05-09T06:58:30","guid":{"rendered":"https:\/\/smho-smso.ca\/emhc\/?page_id=902"},"modified":"2023-11-24T16:11:21","modified_gmt":"2023-11-24T21:11:21","slug":"what-am-i-thinking","status":"publish","type":"page","link":"https:\/\/smho-smso.ca\/emhc\/critical-and-creative-thinking-executive-functioning\/metacognition\/what-am-i-thinking\/","title":{"rendered":"What am I thinking?"},"content":{"rendered":"\n<div class='accordion md-accordion' id='accordion0' role='tablist' aria-multiselectable='true'><div class='card'><div class='card-header' role='tab' id='Instructions-0'><a data-toggle='collapse' data-parent='#accordion0' href='#collapseOneInstructions-0' aria-expanded='true' aria-controls='collapseOneInstructions-0'><h3 class='mb-0'><em class='fas fa-angle-down rotate-icon'><\/em> Instructions<\/h3><\/a><\/div><div id='collapseOneInstructions-0' class='collapse show' role='tabpanel' aria-labelledby='collapseOneInstructions-0' data-parent='#accordion0'><div class='card-body'><p>Help students monitor their own thinking with personal learning journals, where students reflect on HOW, rather than WHAT they learned.\u00a0 Reflection questions might include:<\/p>\n<ul>\n<li>What was easiest for me to learn this week? Why?<\/li>\n<li>What was most challenging for me to learn? Why?<\/li>\n<li>What study strategies worked well as I prepared for my exam?<\/li>\n<li>What strategies for exam preparation didn&#8217;t work well? What will I do differently next time?<\/li>\n<li>What study habits worked best for me? How?<\/li>\n<li>What study habit will I try or improve upon next week?<\/li>\n<\/ul>\n<\/div><\/div><\/div><div class='card'><div class='card-header' role='tab' id='Supplementary-resources-0'><a data-toggle='collapse' data-parent='#accordion0' href='#collapseOneSupplementary-resources-0' aria-expanded='false' aria-controls='collapseOneSupplementary-resources-0'><h3 class='mb-0'><em class='fas fa-angle-down rotate-icon'><\/em> Supplementary resources<\/h3><\/a><\/div><div id='collapseOneSupplementary-resources-0' class='collapse' role='tabpanel' aria-labelledby='collapseOneSupplementary-resources-0' data-parent='#accordion0'><div class='card-body'><ul>\n<li>Adapted from Constructing Meaning by Nancy N Boyles<\/li>\n<\/ul>\n<\/div><\/div><\/div><div class='card'><div class='card-header' role='tab' id='Evidence-0'><a data-toggle='collapse' data-parent='#accordion0' href='#collapseOneEvidence-0' aria-expanded='false' aria-controls='collapseOneEvidence-0'><h3 class='mb-0'><em class='fas fa-angle-down rotate-icon'><\/em> Evidence<\/h3><\/a><\/div><div id='collapseOneEvidence-0' class='collapse' role='tabpanel' aria-labelledby='collapseOneEvidence-0' data-parent='#accordion0'><div class='card-body'><p>Metacognition (thinking about\/reflecting on one\u2019s thinking) is an essential skill in the development of a student\u2019s learning and key in facilitating such processes as problem solving, using learning strategies, and the movement to taking responsibility for learning (Garcia, Rodriguez, Gonzalez-Castro, Alvarez-Garcia &amp; GonzalezPienda, 2016). When considering skills such as studying, which are key to the culmination of learning, those students with strong metacognition are able to identify their need for studying, to make a study plan and to evaluate their study strategies. They will be able to adjust their studying based on the demands and make wise decisions about study time (Gettinger &amp; Seibert, 2002).<\/p>\n<\/div><\/div><\/div><div class='card'><div class='card-header' role='tab' id='References-0'><a data-toggle='collapse' data-parent='#accordion0' href='#collapseOneReferences-0' aria-expanded='false' aria-controls='collapseOneReferences-0'><h3 class='mb-0'><em class='fas fa-angle-down rotate-icon'><\/em> References<\/h3><\/a><\/div><div id='collapseOneReferences-0' class='collapse' role='tabpanel' aria-labelledby='collapseOneReferences-0' data-parent='#accordion0'><div class='card-body'><p>Boyles, N. N. (2004). Constructing meaning through kid-friendly comprehension strategy instruction. Maupin House Pub.<\/p>\n<p>Gettinger, Maribeth, &amp; Seibert, Jill K. (2002). Contributions of Study Skills to Academic Competence. School Psychology Review, 31(3), 350-65.<\/p>\n<p>Trinidad Garc\u00eda, Celestino Rodr\u00edguez, Paloma Gonz\u00e1lez-Castro, David \u00c1lvarez-Garc\u00eda, &amp; Julio-Antonio Gonz\u00e1lez-Pienda. (2016). Metacognition and executive functioning in Elementary School. Anales De Psicolog\u00eda, 32(2), 474-483.<\/p>\n<\/div><\/div><\/div><\/div>\n","protected":false},"excerpt":{"rendered":"<p>To help students become better problem solvers and become better judges of what and how they learn<\/p>\n","protected":false},"author":2,"featured_media":3147,"parent":673,"menu_order":0,"comment_status":"closed","ping_status":"closed","template":"practice-template.php","meta":{"_acf_changed":false,"footnotes":""},"categories":[38,24,45,221,223,239],"tags":[],"class_list":["post-902","page","type-page","status-publish","has-post-thumbnail","hentry","category-critical-and-creative-thinking-executive-functioning","category-intermediate","category-junior","category-promote","category-understand","category-virtual-option"],"acf":[],"_links":{"self":[{"href":"https:\/\/smho-smso.ca\/emhc\/wp-json\/wp\/v2\/pages\/902","targetHints":{"allow":["GET"]}}],"collection":[{"href":"https:\/\/smho-smso.ca\/emhc\/wp-json\/wp\/v2\/pages"}],"about":[{"href":"https:\/\/smho-smso.ca\/emhc\/wp-json\/wp\/v2\/types\/page"}],"author":[{"embeddable":true,"href":"https:\/\/smho-smso.ca\/emhc\/wp-json\/wp\/v2\/users\/2"}],"replies":[{"embeddable":true,"href":"https:\/\/smho-smso.ca\/emhc\/wp-json\/wp\/v2\/comments?post=902"}],"version-history":[{"count":6,"href":"https:\/\/smho-smso.ca\/emhc\/wp-json\/wp\/v2\/pages\/902\/revisions"}],"predecessor-version":[{"id":2828,"href":"https:\/\/smho-smso.ca\/emhc\/wp-json\/wp\/v2\/pages\/902\/revisions\/2828"}],"up":[{"embeddable":true,"href":"https:\/\/smho-smso.ca\/emhc\/wp-json\/wp\/v2\/pages\/673"}],"wp:featuredmedia":[{"embeddable":true,"href":"https:\/\/smho-smso.ca\/emhc\/wp-json\/wp\/v2\/media\/3147"}],"wp:attachment":[{"href":"https:\/\/smho-smso.ca\/emhc\/wp-json\/wp\/v2\/media?parent=902"}],"wp:term":[{"taxonomy":"category","embeddable":true,"href":"https:\/\/smho-smso.ca\/emhc\/wp-json\/wp\/v2\/categories?post=902"},{"taxonomy":"post_tag","embeddable":true,"href":"https:\/\/smho-smso.ca\/emhc\/wp-json\/wp\/v2\/tags?post=902"}],"curies":[{"name":"wp","href":"https:\/\/api.w.org\/{rel}","templated":true}]}}