{"id":862,"date":"2020-05-09T02:20:31","date_gmt":"2020-05-09T06:20:31","guid":{"rendered":"https:\/\/smho-smso.ca\/emhc\/?page_id=862"},"modified":"2021-08-10T15:28:37","modified_gmt":"2021-08-10T19:28:37","slug":"whats-new","status":"publish","type":"page","link":"https:\/\/smho-smso.ca\/emhc\/self-awareness-and-sense-of-identity\/knowing-oneself\/whats-new\/","title":{"rendered":"What\u2019s new?"},"content":{"rendered":"\n<div class='accordion md-accordion' id='accordion0' role='tablist' aria-multiselectable='true'><div class='card'><div class='card-header' role='tab' id='Instructions-0'><a data-toggle='collapse' data-parent='#accordion0' href='#collapseOneInstructions-0' aria-expanded='true' aria-controls='collapseOneInstructions-0'><h3 class='mb-0'><em class='fas fa-angle-down rotate-icon'><\/em> Instructions<\/h3><\/a><\/div><div id='collapseOneInstructions-0' class='collapse show' role='tabpanel' aria-labelledby='collapseOneInstructions-0' data-parent='#accordion0'><div class='card-body'><ul>\n<li>Introduce the bulletin board (alternative: binder, media wall, blog).<\/li>\n<li>Brainstorm with students what are appropriate things to share, contribute and celebrate (e.g.,\u00a0Sarah has a hockey tournament on the weekend, Mohitt passed a piano exam, Ari\u2019s family got a dog, Caleb finally finished the \u201cHarry Potter\u201d series,\u00a0Trish shares her family holiday tradition,\u00a0etc.).<\/li>\n<li>Highlight any new item on\u00a0the board\u00a0to the class or follow\u00a0up individually with a student about an event that happened (e.g., Anthony, did you win your basketball tournament?).<\/li>\n<\/ul>\n<\/div><\/div><\/div><div class='card'><div class='card-header' role='tab' id='Adaptations-0'><a data-toggle='collapse' data-parent='#accordion0' href='#collapseOneAdaptations-0' aria-expanded='false' aria-controls='collapseOneAdaptations-0'><h3 class='mb-0'><em class='fas fa-angle-down rotate-icon'><\/em> Adaptations<\/h3><\/a><\/div><div id='collapseOneAdaptations-0' class='collapse' role='tabpanel' aria-labelledby='collapseOneAdaptations-0' data-parent='#accordion0'><div class='card-body'><p>Instead of creating a bulletin board, a class journal of \u201cexciting news\u201d could be used. Students can write in the journal when they have news to share.\u00a0The students have access to the journal to write in or to read.<\/p>\n<\/div><\/div><\/div><div class='card'><div class='card-header' role='tab' id='Evidence-0'><a data-toggle='collapse' data-parent='#accordion0' href='#collapseOneEvidence-0' aria-expanded='false' aria-controls='collapseOneEvidence-0'><h3 class='mb-0'><em class='fas fa-angle-down rotate-icon'><\/em> Evidence<\/h3><\/a><\/div><div id='collapseOneEvidence-0' class='collapse' role='tabpanel' aria-labelledby='collapseOneEvidence-0' data-parent='#accordion0'><div class='card-body'><p>Early in their education children form their own perceptions of themselves as individuals, learners, and classmates. They develop a perspective of values and success for themselves and others. It is beneficial to allow students an opportunity to socially share experiences of value to them and their successes, supporting a chance to receive positive feedback on them, thus supporting positive self-perception (M\u00e4\u00e4tt\u00e4, et al., 2016). This opportunity is also aimed at allowing students to find new common ground with other peers, therefore encouraging the development of peer relationships based on shared interest (Wentzel, 2003).<\/p>\n<\/div><\/div><\/div><div class='card'><div class='card-header' role='tab' id='References-0'><a data-toggle='collapse' data-parent='#accordion0' href='#collapseOneReferences-0' aria-expanded='false' aria-controls='collapseOneReferences-0'><h3 class='mb-0'><em class='fas fa-angle-down rotate-icon'><\/em> References<\/h3><\/a><\/div><div id='collapseOneReferences-0' class='collapse' role='tabpanel' aria-labelledby='collapseOneReferences-0' data-parent='#accordion0'><div class='card-body'><p>M\u00e4\u00e4tt\u00e4, E., Mykk\u00e4nen, A., &amp; J\u00e4rvel\u00e4, S. (2016). Elementary Schoolchildren\u2019s Self-and Social Perceptions of Success. Journal of Research in Childhood Education, 30(2), 170-184.<\/p>\n<p>Wentzel, K. R. (2003). Motivating students to behave in socially competent ways. Theory Into Practice, 42(4), 319-326.<\/p>\n<\/div><\/div><\/div><\/div>\n","protected":false},"excerpt":{"rendered":"<p>To celebrate and acknowledge things going on in each of our lives<\/p>\n","protected":false},"author":2,"featured_media":1764,"parent":662,"menu_order":0,"comment_status":"closed","ping_status":"closed","template":"practice-template.php","meta":{"_acf_changed":false,"footnotes":""},"categories":[24,45,47,36,223,239,225],"tags":[],"class_list":["post-862","page","type-page","status-publish","has-post-thumbnail","hentry","category-intermediate","category-junior","category-primary","category-self-awareness-and-sense-of-identity","category-understand","category-virtual-option","category-welcome"],"acf":[],"_links":{"self":[{"href":"https:\/\/smho-smso.ca\/emhc\/wp-json\/wp\/v2\/pages\/862","targetHints":{"allow":["GET"]}}],"collection":[{"href":"https:\/\/smho-smso.ca\/emhc\/wp-json\/wp\/v2\/pages"}],"about":[{"href":"https:\/\/smho-smso.ca\/emhc\/wp-json\/wp\/v2\/types\/page"}],"author":[{"embeddable":true,"href":"https:\/\/smho-smso.ca\/emhc\/wp-json\/wp\/v2\/users\/2"}],"replies":[{"embeddable":true,"href":"https:\/\/smho-smso.ca\/emhc\/wp-json\/wp\/v2\/comments?post=862"}],"version-history":[{"count":5,"href":"https:\/\/smho-smso.ca\/emhc\/wp-json\/wp\/v2\/pages\/862\/revisions"}],"predecessor-version":[{"id":2883,"href":"https:\/\/smho-smso.ca\/emhc\/wp-json\/wp\/v2\/pages\/862\/revisions\/2883"}],"up":[{"embeddable":true,"href":"https:\/\/smho-smso.ca\/emhc\/wp-json\/wp\/v2\/pages\/662"}],"wp:featuredmedia":[{"embeddable":true,"href":"https:\/\/smho-smso.ca\/emhc\/wp-json\/wp\/v2\/media\/1764"}],"wp:attachment":[{"href":"https:\/\/smho-smso.ca\/emhc\/wp-json\/wp\/v2\/media?parent=862"}],"wp:term":[{"taxonomy":"category","embeddable":true,"href":"https:\/\/smho-smso.ca\/emhc\/wp-json\/wp\/v2\/categories?post=862"},{"taxonomy":"post_tag","embeddable":true,"href":"https:\/\/smho-smso.ca\/emhc\/wp-json\/wp\/v2\/tags?post=862"}],"curies":[{"name":"wp","href":"https:\/\/api.w.org\/{rel}","templated":true}]}}