{"id":569,"date":"2020-05-04T13:35:29","date_gmt":"2020-05-04T17:35:29","guid":{"rendered":"https:\/\/smho-smso.ca\/emhc\/?page_id=569"},"modified":"2020-07-14T21:07:34","modified_gmt":"2020-07-15T01:07:34","slug":"la-prise-de-decisions","status":"publish","type":"page","link":"https:\/\/smho-smso.ca\/emhc\/pensee-critique-et-creative-fonctions-executives\/la-prise-de-decisions\/","title":{"rendered":"La prise de d\u00e9cisions"},"content":{"rendered":"","protected":false},"excerpt":{"rendered":"<p>La capacit\u00e9 de prendre des d\u00e9cisions de mani\u00e8re efficace donne aux \u00e9l\u00e8ves un sentiment d\u2019autonomie et de contr\u00f4le. Soupeser les avantages et les inconv\u00e9nients d\u2019une situation peut aider les \u00e9l\u00e8ves \u00e0 se faire un plan d\u2019action et ainsi \u00e9viter les choix impulsifs et risqu\u00e9s.<\/p>\n","protected":false},"author":2,"featured_media":1701,"parent":513,"menu_order":0,"comment_status":"closed","ping_status":"closed","template":"child-template.php","meta":{"_acf_changed":false,"footnotes":""},"categories":[],"tags":[],"class_list":["post-569","page","type-page","status-publish","has-post-thumbnail","hentry"],"acf":[],"_links":{"self":[{"href":"https:\/\/smho-smso.ca\/emhc\/wp-json\/wp\/v2\/pages\/569","targetHints":{"allow":["GET"]}}],"collection":[{"href":"https:\/\/smho-smso.ca\/emhc\/wp-json\/wp\/v2\/pages"}],"about":[{"href":"https:\/\/smho-smso.ca\/emhc\/wp-json\/wp\/v2\/types\/page"}],"author":[{"embeddable":true,"href":"https:\/\/smho-smso.ca\/emhc\/wp-json\/wp\/v2\/users\/2"}],"replies":[{"embeddable":true,"href":"https:\/\/smho-smso.ca\/emhc\/wp-json\/wp\/v2\/comments?post=569"}],"version-history":[{"count":3,"href":"https:\/\/smho-smso.ca\/emhc\/wp-json\/wp\/v2\/pages\/569\/revisions"}],"predecessor-version":[{"id":1027,"href":"https:\/\/smho-smso.ca\/emhc\/wp-json\/wp\/v2\/pages\/569\/revisions\/1027"}],"up":[{"embeddable":true,"href":"https:\/\/smho-smso.ca\/emhc\/wp-json\/wp\/v2\/pages\/513"}],"wp:featuredmedia":[{"embeddable":true,"href":"https:\/\/smho-smso.ca\/emhc\/wp-json\/wp\/v2\/media\/1701"}],"wp:attachment":[{"href":"https:\/\/smho-smso.ca\/emhc\/wp-json\/wp\/v2\/media?parent=569"}],"wp:term":[{"taxonomy":"category","embeddable":true,"href":"https:\/\/smho-smso.ca\/emhc\/wp-json\/wp\/v2\/categories?post=569"},{"taxonomy":"post_tag","embeddable":true,"href":"https:\/\/smho-smso.ca\/emhc\/wp-json\/wp\/v2\/tags?post=569"}],"curies":[{"name":"wp","href":"https:\/\/api.w.org\/{rel}","templated":true}]}}