{"id":530,"date":"2020-05-04T12:28:36","date_gmt":"2020-05-04T16:28:36","guid":{"rendered":"https:\/\/smho-smso.ca\/emhc\/?page_id=530"},"modified":"2021-09-01T16:05:10","modified_gmt":"2021-09-01T20:05:10","slug":"recherche-et-avantages","status":"publish","type":"page","link":"https:\/\/smho-smso.ca\/emhc\/a-propos\/recherche-et-avantages\/","title":{"rendered":"Recherche et avantages"},"content":{"rendered":"\n<p>Les r\u00e9sultats de l\u2019essai en milieu r\u00e9el r\u00e9v\u00e8lent que la mise en place de <em>La sant\u00e9 mentale au quotidien&nbsp;: une ressource pour la salle de classe<\/em>&nbsp;accro\u00eet les connaissances du personnel enseignant en mati\u00e8re de sant\u00e9 mentale en milieu scolaire et entra\u00eene une am\u00e9lioration des perceptions du climat scolaire et du d\u00e9veloppement des comp\u00e9tences socio\u00e9motionnelles des \u00e9l\u00e8ves.&nbsp;<\/p>\n\n\n\n<p>Les donn\u00e9es qualitatives recueillies dans les groupes de discussion indiquent que la ressource est consid\u00e9r\u00e9e utile, que son contenu est r\u00e9alisable, et que le personnel scolaire l\u2019appr\u00e9cie. <\/p>\n\n\n\n<p>Lire les <a href=\"https:\/\/smho-smso.ca\/emhc\/wp-content\/uploads\/sites\/6\/2020\/07\/EMHC-FieldTestResults-FR.pdf\" target=\"_blank\" rel=\"noreferrer noopener\">points saillants des r\u00e9sultats de l\u2019\u00e9tude pilote<\/a>.<\/p>\n\n\n\n<h2 class=\"wp-block-heading\" class=\"wp-block-heading\" id=\"examen-de-la-recherche\">Examen de la recherche<\/h2>\n\n\n\n<p>Les cat\u00e9gories, th\u00e8mes et pratiques de la pr\u00e9sente ressource trouvent leurs points d\u2019ancrage dans l\u2019examen de la recherche sur les programmes d\u2019apprentissage socio\u00e9motionnel&nbsp;(ASE), qui a \u00e9t\u00e9 men\u00e9 par le Centre de toxicomanie et de sant\u00e9 mentale&nbsp;(CAMH), Programme de soutien au syst\u00e8me provincial. Un r\u00e9sum\u00e9 de la documentation li\u00e9e \u00e0 l\u2019ASE, ainsi que de r\u00e9cents examens syst\u00e9matiques \u00e0 ce sujet, servent \u00e9galement \u00e0 fa\u00e7onner ce projet.<\/p>\n\n\n\n<p><a href=\"https:\/\/smho-smso.ca\/emhc\/wp-content\/uploads\/sites\/6\/2020\/07\/SEL_CommonElementsAnalysis_May12017_final.pdf\" target=\"_blank\" rel=\"noreferrer noopener\">Lire l\u2019\u00e9tude (en anglais)<\/a><\/p>\n\n\n\n<h2 class=\"wp-block-heading\" class=\"wp-block-heading\" id=\"meta-analyse-sur-les-programmes-de-competences-sociales-et-emotionnelles\">M\u00e9ta-analyse sur les programmes de comp\u00e9tences&nbsp;sociales et \u00e9motionnelles<\/h2>\n\n\n\n<p>Les programmes men\u00e9s par les enseignants et propos\u00e9s \u00e0 tous les \u00e9l\u00e8ves d\u2019une classe am\u00e9liorent-ils l\u2019apprentissage social et \u00e9motionnel des \u00e9l\u00e8ves?&nbsp;<\/p>\n\n\n\n<p>Lire la Recherche en bref du <a href=\"https:\/\/smho-smso.ca\/emhc\/wp-content\/uploads\/sites\/6\/2020\/08\/RIB-SEL-Overview-FR.pdf\" target=\"_blank\" rel=\"noreferrer noopener\">R\u00e9seau d\u2019\u00e9change des connaissances pour le bien-\u00eatre des \u00e9l\u00e8ves<\/a><\/p>\n\n\n\n<h2 class=\"wp-block-heading\" class=\"wp-block-heading\" id=\"programme-de-soutien-du-systeme-provincial-pssp-de-camh-resume-des-donnees-probantes-sur-lapprentissage-social-et-emotionnel\">Programme de soutien du syst\u00e8me provincial (PSSP) de CAMH&nbsp;: R\u00e9sum\u00e9 des donn\u00e9es probantes sur l\u2019apprentissage social et \u00e9motionnel<\/h2>\n\n\n\n<p>Le CAMH a pr\u00e9par\u00e9 un r\u00e9sum\u00e9 des donn\u00e9es probantes pour pr\u00e9senter les donn\u00e9es probantes disponibles sur les interventions sp\u00e9cifiques de promotion de la sant\u00e9 mentale aupr\u00e8s des enfants et des jeunes d\u2019\u00e2ge scolaire.<\/p>\n\n\n\n<p><a href=\"https:\/\/smho-smso.ca\/emhc\/wp-content\/uploads\/sites\/6\/2020\/07\/EENet-Evidence-Brief_School-YearsInterventions_FINAL.pdf\" target=\"_blank\" rel=\"noreferrer noopener\">Lire le r\u00e9sum\u00e9 des donn\u00e9es probantes (en anglais)<\/a><\/p>\n\n\n\n<h2 class=\"wp-block-heading\" class=\"wp-block-heading\" id=\"partagez-vos-commentaires\">Partagez vos commentaires<\/h2>\n\n\n\n<p>Cette ressource est toujours en \u00e9volution. Pendant que nous\u00a0continuons\u00a0\u00e0\u00a0l\u2019\u00e9valuer\u00a0et\u00a0la\u00a0r\u00e9viser, nous\u00a0aimerions\u00a0que\u00a0vous\u00a0nous\u00a0fassiez\u00a0part de\u00a0vos\u00a0commentaires\u00a0et\u00a0vos\u00a0id\u00e9es\u00a0sur la mani\u00e8re\u00a0d\u2019adapter\u00a0et\u00a0livrer\u00a0ces\u00a0pratiques\u00a0aupr\u00e8s\u00a0d\u2019\u00e9l\u00e8ves\u00a0ayant\u00a0diverses\u00a0exp\u00e9riences\u00a0et\u00a0diff\u00e9rents\u00a0ant\u00e9c\u00e9dents. Veuillez <a href=\"https:\/\/smho-smso.ca\/emhc\/a-propos\/contactez-nous\/\">nous faire part de vos commentaires<\/a>.<\/p>\n","protected":false},"excerpt":{"rendered":"<p>Les r\u00e9sultats de l\u2019essai en milieu r\u00e9el r\u00e9v\u00e8lent que la mise en place de La sant\u00e9 mentale au quotidien&nbsp;: une ressource pour la salle de classe&nbsp;accro\u00eet les connaissances du personnel enseignant en mati\u00e8re de sant\u00e9 mentale en milieu scolaire et entra\u00eene une am\u00e9lioration des perceptions du climat scolaire et du d\u00e9veloppement des comp\u00e9tences socio\u00e9motionnelles des [&hellip;]<\/p>\n","protected":false},"author":2,"featured_media":0,"parent":523,"menu_order":0,"comment_status":"closed","ping_status":"closed","template":"about-us-template.php","meta":{"_acf_changed":false,"footnotes":""},"categories":[],"tags":[],"class_list":["post-530","page","type-page","status-publish","hentry"],"acf":[],"_links":{"self":[{"href":"https:\/\/smho-smso.ca\/emhc\/wp-json\/wp\/v2\/pages\/530","targetHints":{"allow":["GET"]}}],"collection":[{"href":"https:\/\/smho-smso.ca\/emhc\/wp-json\/wp\/v2\/pages"}],"about":[{"href":"https:\/\/smho-smso.ca\/emhc\/wp-json\/wp\/v2\/types\/page"}],"author":[{"embeddable":true,"href":"https:\/\/smho-smso.ca\/emhc\/wp-json\/wp\/v2\/users\/2"}],"replies":[{"embeddable":true,"href":"https:\/\/smho-smso.ca\/emhc\/wp-json\/wp\/v2\/comments?post=530"}],"version-history":[{"count":9,"href":"https:\/\/smho-smso.ca\/emhc\/wp-json\/wp\/v2\/pages\/530\/revisions"}],"predecessor-version":[{"id":3094,"href":"https:\/\/smho-smso.ca\/emhc\/wp-json\/wp\/v2\/pages\/530\/revisions\/3094"}],"up":[{"embeddable":true,"href":"https:\/\/smho-smso.ca\/emhc\/wp-json\/wp\/v2\/pages\/523"}],"wp:attachment":[{"href":"https:\/\/smho-smso.ca\/emhc\/wp-json\/wp\/v2\/media?parent=530"}],"wp:term":[{"taxonomy":"category","embeddable":true,"href":"https:\/\/smho-smso.ca\/emhc\/wp-json\/wp\/v2\/categories?post=530"},{"taxonomy":"post_tag","embeddable":true,"href":"https:\/\/smho-smso.ca\/emhc\/wp-json\/wp\/v2\/tags?post=530"}],"curies":[{"name":"wp","href":"https:\/\/api.w.org\/{rel}","templated":true}]}}