{"id":523,"date":"2020-05-04T12:23:57","date_gmt":"2020-05-04T16:23:57","guid":{"rendered":"https:\/\/smho-smso.ca\/emhc\/?page_id=523"},"modified":"2022-09-07T12:21:28","modified_gmt":"2022-09-07T16:21:28","slug":"a-propos","status":"publish","type":"page","link":"https:\/\/smho-smso.ca\/emhc\/a-propos\/","title":{"rendered":"\u00c0 propos"},"content":{"rendered":"\n<h2 class=\"wp-block-heading\" class=\"wp-block-heading\" id=\"a-propos-de-la-ressource\">\u00c0 propos de la ressource<\/h2>\n\n\n\n<p>La ressource <em>La sant\u00e9 mentale au quotidien\u00a0: une ressource pour la salle de classe<\/em> propose un r\u00e9f\u00e9rentiel de pratiques de haute qualit\u00e9 en mati\u00e8re de sant\u00e9 mentale au quotidien afin d\u2019am\u00e9liorer <a href=\"https:\/\/smho-smso.ca\/personnel-scolaire\/en-savoir-plus\/explorez-par-theme\/apprentissage-socio-emotionnel\/\" target=\"_blank\" rel=\"noreferrer noopener\">les comp\u00e9tences socio\u00e9motionnelles<\/a> et le bien-\u00eatre des \u00e9l\u00e8ves. Ces pratiques s\u2019harmonisent avec le curriculum de l\u2019Ontario\u00a0: \u00c9ducation physique et sant\u00e9, et s\u2019int\u00e8grent facilement dans la\u00a0routine scolaire.\u00a0<\/p>\n\n\n\n<p>Elle est le fruit de la collaboration entre la <a href=\"http:\/\/www.etfo.ca\/Pages\/Home.aspx\">F\u00e9d\u00e9ration des enseignantes et des enseignants de l\u2019\u00e9l\u00e9mentaire de l\u2019Ontario&nbsp;(FEEO)<\/a> et<a href=\"https:\/\/smho-smso.ca\/accueil\/\"> Sant\u00e9 mentale en milieu scolaire Ontario<\/a>. Les pratiques ont \u00e9t\u00e9 \u00e9labor\u00e9es avec la collaboration du personnel scolaire et des professionnels de la sant\u00e9 mentale en milieu scolaire et sont fond\u00e9es sur des donn\u00e9es probantes.&nbsp;<\/p>\n\n\n\n<h2 class=\"wp-block-heading\" class=\"wp-block-heading\" id=\"pourquoi-se-concentrer-sur-la-sante-mentale-a-lecole\">Pourquoi se concentrer sur la sant\u00e9 mentale \u00e0 l\u2019\u00e9cole<\/h2>\n\n\n\n<p>Le personnel scolaire joue un r\u00f4le important dans la vie des \u00e9l\u00e8ves. En tant qu\u2019adultes de confiance et attentionn\u00e9s, les membres du personnel scolaire sont bien plac\u00e9s pour aider les \u00e9l\u00e8ves \u00e0 s\u2019informer sur leur sant\u00e9 mentale et \u00e0 en prendre soin.<\/p>\n\n\n\n<p>La sant\u00e9 mentale est le fondement m\u00eame de la r\u00e9ussite scolaire, des aptitudes \u00e0 la vie quotidienne et du bien-\u00eatre en g\u00e9n\u00e9ral. Les relations et les liens \u00e9tablis avec les \u00e9l\u00e8ves auront un impact positif sur leur sant\u00e9 mentale, aujourd\u2019hui et \u00e0 l\u2019avenir. Pour en apprendre davantage sur la sant\u00e9 mentale et le r\u00f4le des \u00e9coles dans la promotion, la pr\u00e9vention et l\u2019intervention en mati\u00e8re de sant\u00e9 mentale, consultez la section <a href=\"https:\/\/smho-smso.ca\/a-propos-de-la-sante-mentale-de-leleve-en-ontario\/\">En savoir plus<\/a>.&nbsp;<\/p>\n\n\n\n<h2 class=\"wp-block-heading\" class=\"wp-block-heading\" id=\"lapprentissage-socioemotionnel-de-quoi-sagit-il\">L\u2019apprentissage socio\u00e9motionnel, de quoi s\u2019agit-il?<\/h2>\n\n\n\n<p>L\u2019apprentissage socio\u00e9motionnel (appel\u00e9 parfois l\u2019ASE) adapt\u00e9 \u00e0 la culture aide les \u00e9l\u00e8ves \u00e0 acqu\u00e9rir les comp\u00e9tences intrapersonnelles et interpersonnelles dont ils ont besoin pour \u00eatre \u00e9panouis toute leur vie durant.<\/p>\n\n\n\n<p>Lorsque tous les \u00e9l\u00e8ves d\u2019une classe ou d\u2019une \u00e9cole apprennent et mettent en pratique des comp\u00e9tences socio\u00e9motionnelles, leur sentiment d\u2019appartenance \u00e0 la classe, \u00e0 l\u2019\u00e9cole et \u00e0 la communaut\u00e9 s\u2019am\u00e9liore. Tout le monde a tendance \u00e0 communiquer de mani\u00e8re plus positive et r\u00e9fl\u00e9chie et respecte la diversit\u00e9 des pens\u00e9es, des cultures, des langues, des croyances, des identit\u00e9s et des expressions. En savoir plus sur <a href=\"https:\/\/smho-smso.ca\/personnel-scolaire\/en-savoir-plus\/explorez-par-theme\/apprentissage-socio-emotionnel\/\">l\u2019apprentissage socio\u00e9motionnel.<\/a><\/p>\n\n\n\n<h2 class=\"wp-block-heading\" class=\"wp-block-heading\" id=\"partagez-vos-commentaires\">Partagez vos commentaires<\/h2>\n\n\n\n<p>Nous vous invitons \u00e0 nous faire part de vos commentaires concernant cette ressource. Si vous trouvez les pratiques utiles ou si vous avez des commentaires qui pourraient nous aider \u00e0 les am\u00e9liorer, <a href=\"https:\/\/smho-smso.ca\/emhc\/a-propos\/contactez-nous\/\">veuillez nous soumettre vos id\u00e9es<\/a>.&nbsp;&nbsp;<\/p>\n","protected":false},"excerpt":{"rendered":"<p>\u00c0 propos de la ressource La ressource La sant\u00e9 mentale au quotidien\u00a0: une ressource pour la salle de classe propose un r\u00e9f\u00e9rentiel de pratiques de haute qualit\u00e9 en mati\u00e8re de sant\u00e9 mentale au quotidien afin d\u2019am\u00e9liorer les comp\u00e9tences socio\u00e9motionnelles et le bien-\u00eatre des \u00e9l\u00e8ves. Ces pratiques s\u2019harmonisent avec le curriculum de l\u2019Ontario\u00a0: \u00c9ducation physique et [&hellip;]<\/p>\n","protected":false},"author":2,"featured_media":0,"parent":0,"menu_order":2,"comment_status":"closed","ping_status":"closed","template":"about-us-template.php","meta":{"_acf_changed":false,"footnotes":""},"categories":[],"tags":[],"class_list":["post-523","page","type-page","status-publish","hentry"],"acf":[],"_links":{"self":[{"href":"https:\/\/smho-smso.ca\/emhc\/wp-json\/wp\/v2\/pages\/523","targetHints":{"allow":["GET"]}}],"collection":[{"href":"https:\/\/smho-smso.ca\/emhc\/wp-json\/wp\/v2\/pages"}],"about":[{"href":"https:\/\/smho-smso.ca\/emhc\/wp-json\/wp\/v2\/types\/page"}],"author":[{"embeddable":true,"href":"https:\/\/smho-smso.ca\/emhc\/wp-json\/wp\/v2\/users\/2"}],"replies":[{"embeddable":true,"href":"https:\/\/smho-smso.ca\/emhc\/wp-json\/wp\/v2\/comments?post=523"}],"version-history":[{"count":6,"href":"https:\/\/smho-smso.ca\/emhc\/wp-json\/wp\/v2\/pages\/523\/revisions"}],"predecessor-version":[{"id":3134,"href":"https:\/\/smho-smso.ca\/emhc\/wp-json\/wp\/v2\/pages\/523\/revisions\/3134"}],"wp:attachment":[{"href":"https:\/\/smho-smso.ca\/emhc\/wp-json\/wp\/v2\/media?parent=523"}],"wp:term":[{"taxonomy":"category","embeddable":true,"href":"https:\/\/smho-smso.ca\/emhc\/wp-json\/wp\/v2\/categories?post=523"},{"taxonomy":"post_tag","embeddable":true,"href":"https:\/\/smho-smso.ca\/emhc\/wp-json\/wp\/v2\/tags?post=523"}],"curies":[{"name":"wp","href":"https:\/\/api.w.org\/{rel}","templated":true}]}}