{"id":513,"date":"2020-05-04T12:15:10","date_gmt":"2020-05-04T16:15:10","guid":{"rendered":"https:\/\/smho-smso.ca\/emhc\/?page_id=513"},"modified":"2020-09-17T20:28:43","modified_gmt":"2020-09-18T00:28:43","slug":"pensee-critique-et-creative-fonctions-executives","status":"publish","type":"page","link":"https:\/\/smho-smso.ca\/emhc\/pensee-critique-et-creative-fonctions-executives\/","title":{"rendered":"Pens\u00e9e critique et cr\u00e9ative (fonctions ex\u00e9cutives)"},"content":{"rendered":"","protected":false},"excerpt":{"rendered":"<p>Les fonctions ex\u00e9cutives comme la planification, la concentration sur les t\u00e2ches, la r\u00e9solution cr\u00e9ative de probl\u00e8mes et la gestion du temps aident les \u00e9l\u00e8ves \u00e0 s\u2019organiser. Ces comp\u00e9tences augmentent la r\u00e9ussite des \u00e9l\u00e8ves dans leurs \u00e9tudes et peuvent \u00e9galement les aider \u00e0 g\u00e9rer d\u2019autres d\u00e9fis complexes dans leur vie. Vous pouvez modeler et enseigner ces comp\u00e9tences, et cr\u00e9er des occasions pour que les \u00e9l\u00e8ves apprennent et mettent en pratique ces comp\u00e9tences individuellement et avec leurs pairs. <\/p>\n","protected":false},"author":2,"featured_media":496,"parent":0,"menu_order":3,"comment_status":"closed","ping_status":"closed","template":"parent-template.php","meta":{"_acf_changed":false,"footnotes":""},"categories":[],"tags":[],"class_list":["post-513","page","type-page","status-publish","has-post-thumbnail","hentry"],"acf":[],"_links":{"self":[{"href":"https:\/\/smho-smso.ca\/emhc\/wp-json\/wp\/v2\/pages\/513","targetHints":{"allow":["GET"]}}],"collection":[{"href":"https:\/\/smho-smso.ca\/emhc\/wp-json\/wp\/v2\/pages"}],"about":[{"href":"https:\/\/smho-smso.ca\/emhc\/wp-json\/wp\/v2\/types\/page"}],"author":[{"embeddable":true,"href":"https:\/\/smho-smso.ca\/emhc\/wp-json\/wp\/v2\/users\/2"}],"replies":[{"embeddable":true,"href":"https:\/\/smho-smso.ca\/emhc\/wp-json\/wp\/v2\/comments?post=513"}],"version-history":[{"count":4,"href":"https:\/\/smho-smso.ca\/emhc\/wp-json\/wp\/v2\/pages\/513\/revisions"}],"predecessor-version":[{"id":2153,"href":"https:\/\/smho-smso.ca\/emhc\/wp-json\/wp\/v2\/pages\/513\/revisions\/2153"}],"wp:featuredmedia":[{"embeddable":true,"href":"https:\/\/smho-smso.ca\/emhc\/wp-json\/wp\/v2\/media\/496"}],"wp:attachment":[{"href":"https:\/\/smho-smso.ca\/emhc\/wp-json\/wp\/v2\/media?parent=513"}],"wp:term":[{"taxonomy":"category","embeddable":true,"href":"https:\/\/smho-smso.ca\/emhc\/wp-json\/wp\/v2\/categories?post=513"},{"taxonomy":"post_tag","embeddable":true,"href":"https:\/\/smho-smso.ca\/emhc\/wp-json\/wp\/v2\/tags?post=513"}],"curies":[{"name":"wp","href":"https:\/\/api.w.org\/{rel}","templated":true}]}}