{"id":1292,"date":"2020-05-14T22:28:42","date_gmt":"2020-05-15T02:28:42","guid":{"rendered":"https:\/\/smho-smso.ca\/emhc\/?page_id=1292"},"modified":"2021-08-15T15:48:54","modified_gmt":"2021-08-15T19:48:54","slug":"resous-ce-probleme","status":"publish","type":"page","link":"https:\/\/smho-smso.ca\/emhc\/pensee-critique-et-creative-fonctions-executives\/la-resolution-de-problemes\/resous-ce-probleme\/","title":{"rendered":"R\u00e9sous ce probl\u00e8me"},"content":{"rendered":"\n<div class='accordion md-accordion' id='accordion0' role='tablist' aria-multiselectable='true'><div class='card'><div class='card-header' role='tab' id='Instructions-0'><a data-toggle='collapse' data-parent='#accordion0' href='#collapseOneInstructions-0' aria-expanded='true' aria-controls='collapseOneInstructions-0'><h3 class='mb-0'><em class='fas fa-angle-down rotate-icon'><\/em> Instructions<\/h3><\/a><\/div><div id='collapseOneInstructions-0' class='collapse show' role='tabpanel' aria-labelledby='collapseOneInstructions-0' data-parent='#accordion0'><div class='card-body'><p>Pour soutenir les comp\u00e9tences des \u00e9l\u00e8ves en r\u00e9solution de probl\u00e8mes, donnez-leur l\u2019occasion\u00a0:<\/p>\n<p><strong>\u00a0<\/strong><strong>De r\u00e9fl\u00e9chir et de discuter\u00a0:<\/strong><\/p>\n<ul>\n<li>\u00ab\u00a0Quel est le probl\u00e8me? Qu\u2019est-ce que nous tentons d\u2019accomplir? \u00bb<\/li>\n<li>\u00ab As-tu d\u00e9j\u00e0 v\u00e9cu quelque chose de pareil? Que peux-tu faire cette fois-ci? \u00bb<\/li>\n<\/ul>\n<p><strong>Remue-m\u00e9ninges\u00a0:<\/strong><\/p>\n<ul>\n<li>Discutez des solutions possibles avec les \u00e9l\u00e8ves et essayez de pr\u00e9dire les avantages et les inconv\u00e9nients de chacune avant de faire autre chose. Proposez des suggestions.<\/li>\n<\/ul>\n<p><strong>Exp\u00e9rimentation\u00a0:<\/strong><\/p>\n<ul>\n<li>\u00ab Essayez-le et dites-moi comment cela s\u2019est d\u00e9roul\u00e9. \u00bb<\/li>\n<li>\u00ab Qu\u2019est-ce qui pourrait aider \u00e0 obtenir un meilleur r\u00e9sultat la prochaine fois? \u00bb<\/li>\n<li>Laissez les \u00e9l\u00e8ves tirer des le\u00e7ons de leur exp\u00e9rience.<\/li>\n<\/ul>\n<\/div><\/div><\/div><div class='card'><div class='card-header' role='tab' id='Ressources-supplmentaires-0'><a data-toggle='collapse' data-parent='#accordion0' href='#collapseOneRessources-supplmentaires-0' aria-expanded='false' aria-controls='collapseOneRessources-supplmentaires-0'><h3 class='mb-0'><em class='fas fa-angle-down rotate-icon'><\/em> Ressources suppl\u00e9mentaires<\/h3><\/a><\/div><div id='collapseOneRessources-supplmentaires-0' class='collapse' role='tabpanel' aria-labelledby='collapseOneRessources-supplmentaires-0' data-parent='#accordion0'><div class='card-body'><p>Adapt\u00e9 de Constructing Meaning par Nancy N. Boyles<\/p>\n<\/div><\/div><\/div><div class='card'><div class='card-header' role='tab' id='Donnes-probantes-0'><a data-toggle='collapse' data-parent='#accordion0' href='#collapseOneDonnes-probantes-0' aria-expanded='false' aria-controls='collapseOneDonnes-probantes-0'><h3 class='mb-0'><em class='fas fa-angle-down rotate-icon'><\/em> Donn\u00e9es probantes<\/h3><\/a><\/div><div id='collapseOneDonnes-probantes-0' class='collapse' role='tabpanel' aria-labelledby='collapseOneDonnes-probantes-0' data-parent='#accordion0'><div class='card-body'><p>La capacit\u00e9 \u00e0 r\u00e9soudre les probl\u00e8mes a une incidence sur tous les aspects de la r\u00e9ussite acad\u00e9mique et personnelle de l\u2019\u00e9l\u00e8ve. Ceux qui ont de fortes comp\u00e9tences en r\u00e9solution de probl\u00e8mes sont plus en mesure de faire face aux probl\u00e8mes de mani\u00e8re positive. Id\u00e9alement, les \u00e9l\u00e8ves d\u00e9veloppent une base de comp\u00e9tences en r\u00e9solution de probl\u00e8mes sociaux qui leur permettent, gr\u00e2ce \u00e0 une pratique r\u00e9p\u00e9t\u00e9e, de g\u00e9rer les choix et les interactions sociales complexes avec un processus d\u00e9cisionnel comp\u00e9tent (Daunic, et. al, 2012; Diamond &amp; Lee, 2011).<\/p>\n<\/div><\/div><\/div><div class='card'><div class='card-header' role='tab' id='Rfrences-0'><a data-toggle='collapse' data-parent='#accordion0' href='#collapseOneRfrences-0' aria-expanded='false' aria-controls='collapseOneRfrences-0'><h3 class='mb-0'><em class='fas fa-angle-down rotate-icon'><\/em> R\u00e9f\u00e9rences<\/h3><\/a><\/div><div id='collapseOneRfrences-0' class='collapse' role='tabpanel' aria-labelledby='collapseOneRfrences-0' data-parent='#accordion0'><div class='card-body'><p>Daunic, A. P., Smith, S. W., Garvan, C. W., Barber, B. R., Becker, M. K., Peters, C. D., &#8230; &amp; Naranjo, A. H. (2012). Reducing developmental risk for emotional\/behavioral problems: A randomized controlled trial examining the Tools for Getting Along curriculum. <em>Journal of school psychology, 50<\/em>(2), 149-166.<\/p>\n<p>Diamond, A., &amp; Lee, K. (2011). Interventions shown to aid executive function development in children 4 to 12 years old. <em>Science, 333<\/em>(6045), 959-964.<\/p>\n<\/div><\/div><\/div><\/div>\n","protected":false},"excerpt":{"rendered":"<p>Aider les \u00e9l\u00e8ves \u00e0 d\u00e9velopper de meilleures comp\u00e9tences en r\u00e9solution de probl\u00e8mes<\/p>\n","protected":false},"author":2,"featured_media":1293,"parent":1038,"menu_order":0,"comment_status":"closed","ping_status":"closed","template":"practice-template.php","meta":{"_acf_changed":false,"footnotes":""},"categories":[99,235,93,95,241,69,103,97,233],"tags":[],"class_list":["post-1292","page","type-page","status-publish","has-post-thumbnail","hentry","category-aucun-materiel-requis","category-comprendre","category-intermediaire","category-moyen","category-option-virtuelle","category-pensee-critique-et-creative-fonction-executive","category-peut-se-faire-a-lexterieur","category-primaire","category-promouvoir"],"acf":[],"_links":{"self":[{"href":"https:\/\/smho-smso.ca\/emhc\/wp-json\/wp\/v2\/pages\/1292","targetHints":{"allow":["GET"]}}],"collection":[{"href":"https:\/\/smho-smso.ca\/emhc\/wp-json\/wp\/v2\/pages"}],"about":[{"href":"https:\/\/smho-smso.ca\/emhc\/wp-json\/wp\/v2\/types\/page"}],"author":[{"embeddable":true,"href":"https:\/\/smho-smso.ca\/emhc\/wp-json\/wp\/v2\/users\/2"}],"replies":[{"embeddable":true,"href":"https:\/\/smho-smso.ca\/emhc\/wp-json\/wp\/v2\/comments?post=1292"}],"version-history":[{"count":6,"href":"https:\/\/smho-smso.ca\/emhc\/wp-json\/wp\/v2\/pages\/1292\/revisions"}],"predecessor-version":[{"id":2974,"href":"https:\/\/smho-smso.ca\/emhc\/wp-json\/wp\/v2\/pages\/1292\/revisions\/2974"}],"up":[{"embeddable":true,"href":"https:\/\/smho-smso.ca\/emhc\/wp-json\/wp\/v2\/pages\/1038"}],"wp:featuredmedia":[{"embeddable":true,"href":"https:\/\/smho-smso.ca\/emhc\/wp-json\/wp\/v2\/media\/1293"}],"wp:attachment":[{"href":"https:\/\/smho-smso.ca\/emhc\/wp-json\/wp\/v2\/media?parent=1292"}],"wp:term":[{"taxonomy":"category","embeddable":true,"href":"https:\/\/smho-smso.ca\/emhc\/wp-json\/wp\/v2\/categories?post=1292"},{"taxonomy":"post_tag","embeddable":true,"href":"https:\/\/smho-smso.ca\/emhc\/wp-json\/wp\/v2\/tags?post=1292"}],"curies":[{"name":"wp","href":"https:\/\/api.w.org\/{rel}","templated":true}]}}