{"id":1249,"date":"2020-05-14T22:01:53","date_gmt":"2020-05-15T02:01:53","guid":{"rendered":"https:\/\/smho-smso.ca\/emhc\/?page_id=1249"},"modified":"2021-09-01T10:46:29","modified_gmt":"2021-09-01T14:46:29","slug":"adjectifs-a-propos-de-moi","status":"publish","type":"page","link":"https:\/\/smho-smso.ca\/emhc\/conscience-de-soi-et-sentiment-didentite-personnelle\/se-connaitre\/adjectifs-a-propos-de-moi\/","title":{"rendered":"Adjectifs \u00e0 propos de moi"},"content":{"rendered":"\n<div class='accordion md-accordion' id='accordion0' role='tablist' aria-multiselectable='true'><div class='card'><div class='card-header' role='tab' id='Instructions-0'><a data-toggle='collapse' data-parent='#accordion0' href='#collapseOneInstructions-0' aria-expanded='true' aria-controls='collapseOneInstructions-0'><h3 class='mb-0'><em class='fas fa-angle-down rotate-icon'><\/em> Instructions<\/h3><\/a><\/div><div id='collapseOneInstructions-0' class='collapse show' role='tabpanel' aria-labelledby='collapseOneInstructions-0' data-parent='#accordion0'><div class='card-body'><ul>\n<li>Invitez les \u00e9l\u00e8ves \u00e0 penser \u00e0 des adjectifs positifs.<\/li>\n<li>Demandez-leur de nommer les adjectifs positifs qui les d\u00e9crivent le mieux (p. ex., <span class=\"TrackChangeTextInsertion TrackedChange  BCX0 SCXW54531900\"><span class=\"TextRun  BCX0 SCXW54531900\" lang=\"FR-FR\" xml:lang=\"FR-FR\" data-contrast=\"auto\"><span class=\"NormalTextRun  BCX0 SCXW54531900\">gentil,\u00a0<\/span><\/span><\/span><span class=\"TrackChangeTextInsertion TrackedChange  BCX0 SCXW54531900\"><span class=\"TextRun  BCX0 SCXW54531900\" lang=\"FR-FR\" xml:lang=\"FR-FR\" data-contrast=\"auto\"><span class=\"NormalTextRun  BCX0 SCXW54531900\">cr\u00e9atif, curieux, \u00e9nerg\u00e9tique, positif,\u00a0<\/span><\/span><\/span><span class=\"TrackChangeTextInsertion TrackedChange  BCX0 SCXW54531900\"><span class=\"TextRun  BCX0 SCXW54531900\" lang=\"FR-FR\" xml:lang=\"FR-FR\" data-contrast=\"auto\"><span class=\"NormalTextRun  BCX0 SCXW54531900\">athl\u00e9tique<\/span><\/span><\/span><span class=\"TrackChangeTextInsertion TrackedChange  BCX0 SCXW54531900\"><span class=\"TextRun  BCX0 SCXW54531900\" lang=\"FR-FR\" xml:lang=\"FR-FR\" data-contrast=\"auto\"><span class=\"NormalTextRun  BCX0 SCXW54531900\">, multilingue\u2026<\/span><\/span><\/span>).<\/li>\n<li>Distribuez des feuilles blanches et demandez aux \u00e9l\u00e8ves d\u2019\u00e9crire \u00ab \u00c0 propos de moi &#8230; \u00bb en haut de la page.<\/li>\n<li>Demandez aux \u00e9l\u00e8ves d\u2019afficher leurs adjectifs de fa\u00e7on cr\u00e9ative sur leur feuille de papier.<\/li>\n<li>Invitez les \u00e9l\u00e8ves \u00e0 afficher leurs affiches \u00ab \u00c0 propos de moi &#8230; \u00bb dans la classe ou sur un babillard.<\/li>\n<\/ul>\n<\/div><\/div><\/div><div class='card'><div class='card-header' role='tab' id='Adaptations-0'><a data-toggle='collapse' data-parent='#accordion0' href='#collapseOneAdaptations-0' aria-expanded='false' aria-controls='collapseOneAdaptations-0'><h3 class='mb-0'><em class='fas fa-angle-down rotate-icon'><\/em> Adaptations<\/h3><\/a><\/div><div id='collapseOneAdaptations-0' class='collapse' role='tabpanel' aria-labelledby='collapseOneAdaptations-0' data-parent='#accordion0'><div class='card-body'><ul>\n<li>Tout le monde tire le nom d\u2019un \u00e9l\u00e8ve d\u2019un chapeau et, sur une note autocollante, affiche un attribut positif sur cet \u00e9l\u00e8ve. Lorsque l\u2019enseignant dit \u00ab Partez! \u00bb, ils placent la note sur le pupitre de la personne.<\/li>\n<li>Les \u00e9l\u00e8ves pourraient mettre leur nom au milieu de la page et \u00e9crire les adjectifs autour de leur nom.<\/li>\n<li>Pour les \u00e9l\u00e8ves du primaire, vous pouvez leur demander de partager verbalement, ou de dessiner une image montrant leur attribut.<\/li>\n<\/ul>\n<\/div><\/div><\/div><div class='card'><div class='card-header' role='tab' id='Donnes-probantes-0'><a data-toggle='collapse' data-parent='#accordion0' href='#collapseOneDonnes-probantes-0' aria-expanded='false' aria-controls='collapseOneDonnes-probantes-0'><h3 class='mb-0'><em class='fas fa-angle-down rotate-icon'><\/em> Donn\u00e9es probantes<\/h3><\/a><\/div><div id='collapseOneDonnes-probantes-0' class='collapse' role='tabpanel' aria-labelledby='collapseOneDonnes-probantes-0' data-parent='#accordion0'><div class='card-body'><p>Les \u00e9l\u00e8ves b\u00e9n\u00e9ficient de savoir qu\u2019ils comptent pour un adulte ainsi que leurs pairs. Encourager les \u00e9l\u00e8ves \u00e0 d\u00e9velopper des relations avec le personnel et les \u00e9l\u00e8ves les aidera \u00e0 approfondir leur sentiment d\u2019appartenance \u00e0 l\u2019\u00e9cole et cr\u00e9era des occasions d\u2019apprentissage accru, de d\u00e9veloppement des comp\u00e9tences et des avantages globaux d\u00e9coulant des relations saines (Bergin et Bergin, 2009, Roorda et al., 2011, McNeely et Falci, 2004).<\/p>\n<\/div><\/div><\/div><div class='card'><div class='card-header' role='tab' id='Rfrences-0'><a data-toggle='collapse' data-parent='#accordion0' href='#collapseOneRfrences-0' aria-expanded='false' aria-controls='collapseOneRfrences-0'><h3 class='mb-0'><em class='fas fa-angle-down rotate-icon'><\/em> R\u00e9f\u00e9rences<\/h3><\/a><\/div><div id='collapseOneRfrences-0' class='collapse' role='tabpanel' aria-labelledby='collapseOneRfrences-0' data-parent='#accordion0'><div class='card-body'><p>Bergin, C., &amp; Bergin, D. (2009). Attachment in the classroom. <em>Educational Psychology Review, 21<\/em>(2), 141-170.<\/p>\n<p>McNeely, C., &amp; Falci, C. (2004). School connectedness and the transition into and out of health-risk behavior among adolescents: A comparison of social belonging and teacher support. <em>The Journal of School Health, 74<\/em>(7), 284-92.<\/p>\n<p>Roorda, D. L., Koomen, H. M., Spilt, J. L., &amp; Oort, F. J. (2011). The influence of affective teacher\u2013student relationships on students\u2019 school engagement and achievement: A meta-analytic approach. <em>Review of educational research, 81<\/em>(4), 493-529.<\/p>\n<\/div><\/div><\/div><\/div>\n","protected":false},"excerpt":{"rendered":"<p>Aider les \u00e9l\u00e8ves \u00e0 apprendre \u00e0 se conna\u00eetre et \u00e0 reconna\u00eetre qu\u2019ils comptent, en d\u00e9crivant leurs traits positifs avec l\u2019aide de leurs pairs<\/p>\n","protected":false},"author":2,"featured_media":1250,"parent":1021,"menu_order":0,"comment_status":"closed","ping_status":"closed","template":"practice-template.php","meta":{"_acf_changed":false,"footnotes":""},"categories":[77,101,229,93,95,97],"tags":[],"class_list":["post-1249","page","type-page","status-publish","has-post-thumbnail","hentry","category-conscience-de-soi-et-sentiment-didentite-personnelle","category-enseignants-suppleants","category-inclure","category-intermediaire","category-moyen","category-primaire"],"acf":[],"_links":{"self":[{"href":"https:\/\/smho-smso.ca\/emhc\/wp-json\/wp\/v2\/pages\/1249","targetHints":{"allow":["GET"]}}],"collection":[{"href":"https:\/\/smho-smso.ca\/emhc\/wp-json\/wp\/v2\/pages"}],"about":[{"href":"https:\/\/smho-smso.ca\/emhc\/wp-json\/wp\/v2\/types\/page"}],"author":[{"embeddable":true,"href":"https:\/\/smho-smso.ca\/emhc\/wp-json\/wp\/v2\/users\/2"}],"replies":[{"embeddable":true,"href":"https:\/\/smho-smso.ca\/emhc\/wp-json\/wp\/v2\/comments?post=1249"}],"version-history":[{"count":7,"href":"https:\/\/smho-smso.ca\/emhc\/wp-json\/wp\/v2\/pages\/1249\/revisions"}],"predecessor-version":[{"id":3060,"href":"https:\/\/smho-smso.ca\/emhc\/wp-json\/wp\/v2\/pages\/1249\/revisions\/3060"}],"up":[{"embeddable":true,"href":"https:\/\/smho-smso.ca\/emhc\/wp-json\/wp\/v2\/pages\/1021"}],"wp:featuredmedia":[{"embeddable":true,"href":"https:\/\/smho-smso.ca\/emhc\/wp-json\/wp\/v2\/media\/1250"}],"wp:attachment":[{"href":"https:\/\/smho-smso.ca\/emhc\/wp-json\/wp\/v2\/media?parent=1249"}],"wp:term":[{"taxonomy":"category","embeddable":true,"href":"https:\/\/smho-smso.ca\/emhc\/wp-json\/wp\/v2\/categories?post=1249"},{"taxonomy":"post_tag","embeddable":true,"href":"https:\/\/smho-smso.ca\/emhc\/wp-json\/wp\/v2\/tags?post=1249"}],"curies":[{"name":"wp","href":"https:\/\/api.w.org\/{rel}","templated":true}]}}