{"id":1216,"date":"2020-05-13T22:57:18","date_gmt":"2020-05-14T02:57:18","guid":{"rendered":"https:\/\/smho-smso.ca\/emhc\/?page_id=1216"},"modified":"2021-08-15T15:53:34","modified_gmt":"2021-08-15T19:53:34","slug":"defi-dempilement-des-gobelets","status":"publish","type":"page","link":"https:\/\/smho-smso.ca\/emhc\/relations-saines\/la-resolution-de-conflit\/defi-dempilement-des-gobelets\/","title":{"rendered":"D\u00e9fi d\u2019empilement des gobelets"},"content":{"rendered":"\n<div class='accordion md-accordion' id='accordion0' role='tablist' aria-multiselectable='true'><div class='card'><div class='card-header' role='tab' id='Instructions-0'><a data-toggle='collapse' data-parent='#accordion0' href='#collapseOneInstructions-0' aria-expanded='true' aria-controls='collapseOneInstructions-0'><h3 class='mb-0'><em class='fas fa-angle-down rotate-icon'><\/em> Instructions<\/h3><\/a><\/div><div id='collapseOneInstructions-0' class='collapse show' role='tabpanel' aria-labelledby='collapseOneInstructions-0' data-parent='#accordion0'><div class='card-body'><ul>\n<li>Chaque \u00e9quipe d\u2019\u00e9l\u00e8ves re\u00e7oit une pile de gobelets, une bande \u00e9lastique, et un bout de ficelle pour chaque personne.<\/li>\n<li>Le d\u00e9fi : d\u00e9sempiler les gobelets de mani\u00e8re collaborative sans les toucher avec les mains, et ensuite les empiler de nouveau en forme de pyramide en se servant de la m\u00eame strat\u00e9gie.<\/li>\n<\/ul>\n<p>Suivi :<\/p>\n<ul>\n<li>Comment cette activit\u00e9 est-elle une m\u00e9taphore pour la vie?<\/li>\n<li>Qu\u2019est-ce qui a bien fonctionn\u00e9 lors de cette activit\u00e9 d\u2019\u00e9quipe?<\/li>\n<li>Qu\u2019est-ce qui aurait pu faciliter les choses ou rendre l\u2019activit\u00e9 plus difficile (p. ex., ne pas parler)?<\/li>\n<\/ul>\n<\/div><\/div><\/div><div class='card'><div class='card-header' role='tab' id='Adaptations-0'><a data-toggle='collapse' data-parent='#accordion0' href='#collapseOneAdaptations-0' aria-expanded='false' aria-controls='collapseOneAdaptations-0'><h3 class='mb-0'><em class='fas fa-angle-down rotate-icon'><\/em> Adaptations<\/h3><\/a><\/div><div id='collapseOneAdaptations-0' class='collapse' role='tabpanel' aria-labelledby='collapseOneAdaptations-0' data-parent='#accordion0'><div class='card-body'><p>Essayer la version : \u00ab d\u00e9chets toxiques \u00bb<\/p>\n<ul>\n<li>Mat\u00e9riel : six gobelets, bandes \u00e9lastiques, six bouts de ficelle, un gobelet qui contient des pompons<\/li>\n<li>Les \u00e9l\u00e8ves utilisent la m\u00eame strat\u00e9gie pour d\u00e9placer un gobelet rempli de pompons (c\u2019est-\u00e0-dire les d\u00e9chets toxiques) et d\u00e9charger les pompons, un \u00e0 la fois, dans chacune des \u00ab installations d\u2019entreposage \u00bb (les autres gobelets) sans les renverser.<\/li>\n<\/ul>\n<\/div><\/div><\/div><div class='card'><div class='card-header' role='tab' id='Donnes-probantes-0'><a data-toggle='collapse' data-parent='#accordion0' href='#collapseOneDonnes-probantes-0' aria-expanded='false' aria-controls='collapseOneDonnes-probantes-0'><h3 class='mb-0'><em class='fas fa-angle-down rotate-icon'><\/em> Donn\u00e9es probantes<\/h3><\/a><\/div><div id='collapseOneDonnes-probantes-0' class='collapse' role='tabpanel' aria-labelledby='collapseOneDonnes-probantes-0' data-parent='#accordion0'><div class='card-body'><p>Quand les enfants apprennent \u00e0 travailler ensemble en classe, leurs aptitudes de communication gagnent de plus en plus en importance. D\u00e9velopper les aptitudes n\u00e9cessaires pour communiquer leurs \u00e9motions et leurs besoins permet aux \u00e9l\u00e8ves de naviguer en milieux sociaux avec plus de confiance (Beck, Kumschick, Eid, &amp; Klann-Delius, 2012). Donner aux \u00e9l\u00e8ves l&#8217;occasion de pratiquer l&#8217;expression de leurs besoins et la r\u00e9solution de conflits dans un climat solidaire am\u00e9liore la qualit\u00e9 de leurs interactions, ainsi que le climat \u00e9motionnel en classe (Durlak, Weissberg, Dymnicki, Taylor, &amp; Schellinger, 2011).<\/p>\n<\/div><\/div><\/div><div class='card'><div class='card-header' role='tab' id='Rfrences-0'><a data-toggle='collapse' data-parent='#accordion0' href='#collapseOneRfrences-0' aria-expanded='false' aria-controls='collapseOneRfrences-0'><h3 class='mb-0'><em class='fas fa-angle-down rotate-icon'><\/em> R\u00e9f\u00e9rences<\/h3><\/a><\/div><div id='collapseOneRfrences-0' class='collapse' role='tabpanel' aria-labelledby='collapseOneRfrences-0' data-parent='#accordion0'><div class='card-body'><p>Beck, L., Kumschick, I. R., Eid, M., &amp; Klann-Delius, G. (2012). Relationship between language competence and emotional competence in middle childhood. <em>Emotion, 12<\/em>(3), 503-514. doi:http:\/\/dx.doi.org\/10.1037\/a0026320<\/p>\n<p>Durlak, J. A., Weissberg, R. P., Dymnicki, A. B., Taylor, R. D., &amp; Schellinger, K. B. (2011). The Impact of Enhancing Students\u2019 Social and Emotional Learning: A Meta Analysis of School Based Universal Interventions. <em>Child Development, 82<\/em>(1), 405-432. doi:10.1111\/j.1467- 8624.2010.01564.x<\/p>\n<\/div><\/div><\/div><\/div>\n","protected":false},"excerpt":{"rendered":"<p>Promouvoir le renforcement de l\u2019esprit d\u2019\u00e9quipe, apprendre \u00e0 reconna\u00eetre les forces des autres \u00e9l\u00e8ves dans la classe et am\u00e9liorer les comp\u00e9tences de communication<\/p>\n","protected":false},"author":2,"featured_media":1217,"parent":1009,"menu_order":0,"comment_status":"closed","ping_status":"closed","template":"practice-template.php","meta":{"_acf_changed":false,"footnotes":""},"categories":[229,93,95,71],"tags":[],"class_list":["post-1216","page","type-page","status-publish","has-post-thumbnail","hentry","category-inclure","category-intermediaire","category-moyen","category-relations-saines"],"acf":[],"_links":{"self":[{"href":"https:\/\/smho-smso.ca\/emhc\/wp-json\/wp\/v2\/pages\/1216","targetHints":{"allow":["GET"]}}],"collection":[{"href":"https:\/\/smho-smso.ca\/emhc\/wp-json\/wp\/v2\/pages"}],"about":[{"href":"https:\/\/smho-smso.ca\/emhc\/wp-json\/wp\/v2\/types\/page"}],"author":[{"embeddable":true,"href":"https:\/\/smho-smso.ca\/emhc\/wp-json\/wp\/v2\/users\/2"}],"replies":[{"embeddable":true,"href":"https:\/\/smho-smso.ca\/emhc\/wp-json\/wp\/v2\/comments?post=1216"}],"version-history":[{"count":5,"href":"https:\/\/smho-smso.ca\/emhc\/wp-json\/wp\/v2\/pages\/1216\/revisions"}],"predecessor-version":[{"id":2990,"href":"https:\/\/smho-smso.ca\/emhc\/wp-json\/wp\/v2\/pages\/1216\/revisions\/2990"}],"up":[{"embeddable":true,"href":"https:\/\/smho-smso.ca\/emhc\/wp-json\/wp\/v2\/pages\/1009"}],"wp:featuredmedia":[{"embeddable":true,"href":"https:\/\/smho-smso.ca\/emhc\/wp-json\/wp\/v2\/media\/1217"}],"wp:attachment":[{"href":"https:\/\/smho-smso.ca\/emhc\/wp-json\/wp\/v2\/media?parent=1216"}],"wp:term":[{"taxonomy":"category","embeddable":true,"href":"https:\/\/smho-smso.ca\/emhc\/wp-json\/wp\/v2\/categories?post=1216"},{"taxonomy":"post_tag","embeddable":true,"href":"https:\/\/smho-smso.ca\/emhc\/wp-json\/wp\/v2\/tags?post=1216"}],"curies":[{"name":"wp","href":"https:\/\/api.w.org\/{rel}","templated":true}]}}