{"id":1209,"date":"2020-05-13T22:54:44","date_gmt":"2020-05-14T02:54:44","guid":{"rendered":"https:\/\/smho-smso.ca\/emhc\/?page_id=1209"},"modified":"2021-09-01T10:56:36","modified_gmt":"2021-09-01T14:56:36","slug":"moi-aussi","status":"publish","type":"page","link":"https:\/\/smho-smso.ca\/emhc\/relations-saines\/etre-respectueux\/moi-aussi\/","title":{"rendered":"Moi aussi!"},"content":{"rendered":"\n<div class='accordion md-accordion' id='accordion0' role='tablist' aria-multiselectable='true'><div class='card'><div class='card-header' role='tab' id='Instructions-0'><a data-toggle='collapse' data-parent='#accordion0' href='#collapseOneInstructions-0' aria-expanded='true' aria-controls='collapseOneInstructions-0'><h3 class='mb-0'><em class='fas fa-angle-down rotate-icon'><\/em> Instructions<\/h3><\/a><\/div><div id='collapseOneInstructions-0' class='collapse show' role='tabpanel' aria-labelledby='collapseOneInstructions-0' data-parent='#accordion0'><div class='card-body'><p><strong>Expliquez\u00a0:<\/strong><\/p>\n<ul>\n<li>Un \u00e9l\u00e8ve commence par \u00e9noncer quelque chose \u00e0 son sujet (p. ex., ce qu\u2019il aime manger, son passe-temps favori, une \u00e9mission ou un livre qu\u2019il aime, etc. (voir les \u00ab\u00a0Ressources suppl\u00e9mentaires\u00a0\u00bb).<\/li>\n<li>Si l\u2019\u00e9nonc\u00e9 est aussi vrai pour quelqu\u2019un d\u2019autre, il se l\u00e8ve et dit : \u00ab Moi aussi! \u00bb.<\/li>\n<li>R\u00e9p\u00e9tez jusqu\u2019\u00e0 ce que tout le monde ait eu l\u2019occasion de participer et de partager un \u00e9nonc\u00e9.<\/li>\n<\/ul>\n<p><strong>Discutez\u00a0:<\/strong><\/p>\n<ul>\n<li>Avez-vous appris quelque chose de nouveau \u00e0 propos des autres \u00e9l\u00e8ves de la classe?<\/li>\n<li>Comment vous sentiez-vous en \u00e9tant debout en m\u00eame temps que les autres?<\/li>\n<li>Comment vous sentiez-vous en \u00e9tant debout tout seul ou avec seulement quelques \u00e9l\u00e8ves?<\/li>\n<li>Parfois, nous aimons faire partie d\u2019un groupe, mais il y a toujours de la valeur \u00e0 \u00eatre unique.<\/li>\n<\/ul>\n<p>REMARQUE\u00a0: Dans le cas peu probable d\u2019une divulgation, soyez conscient de votre processus interne pour acc\u00e9der aux services \u00e0 l\u2019\u00e9l\u00e8ve.<\/p>\n<\/div><\/div><\/div><div class='card'><div class='card-header' role='tab' id='Ressources-supplmentaires-0'><a data-toggle='collapse' data-parent='#accordion0' href='#collapseOneRessources-supplmentaires-0' aria-expanded='false' aria-controls='collapseOneRessources-supplmentaires-0'><h3 class='mb-0'><em class='fas fa-angle-down rotate-icon'><\/em> Ressources suppl\u00e9mentaires<\/h3><\/a><\/div><div id='collapseOneRessources-supplmentaires-0' class='collapse' role='tabpanel' aria-labelledby='collapseOneRessources-supplmentaires-0' data-parent='#accordion0'><div class='card-body'><table>\n<tbody>\n<tr>\n<td>Id\u00e9es de d\u00e9claration\u00a0:<\/p>\n<ul>\n<li>J\u2019aime manger de la pizza<\/li>\n<li>Je mangerais un ver pour un million de dollars<\/li>\n<li>J\u2019ai un animal de compagnie<\/li>\n<\/ul>\n<p>&nbsp;<\/p>\n<p>&nbsp;<\/td>\n<td>&nbsp;<\/p>\n<ul>\n<li>Ma couleur pr\u00e9f\u00e9r\u00e9e est le bleu<\/li>\n<li>Je suis la plus jeune de la famille<\/li>\n<li>Je veux avoir une superpuissance<\/li>\n<\/ul>\n<p>&nbsp;<\/td>\n<td>&nbsp;<\/p>\n<ul>\n<li>Je suis enfant unique<\/li>\n<li>J\u2019aime les plats \u00e9pic\u00e9s<\/li>\n<li>Je parle une autre langue<\/li>\n<\/ul>\n<\/td>\n<\/tr>\n<\/tbody>\n<\/table>\n<p>&nbsp;<\/p>\n<\/div><\/div><\/div><div class='card'><div class='card-header' role='tab' id='Adaptations-0'><a data-toggle='collapse' data-parent='#accordion0' href='#collapseOneAdaptations-0' aria-expanded='false' aria-controls='collapseOneAdaptations-0'><h3 class='mb-0'><em class='fas fa-angle-down rotate-icon'><\/em> Adaptations<\/h3><\/a><\/div><div id='collapseOneAdaptations-0' class='collapse' role='tabpanel' aria-labelledby='collapseOneAdaptations-0' data-parent='#accordion0'><div class='card-body'><ul>\n<li>Explorer des fa\u00e7ons d&#8217;apprendre, de comprendre et de c\u00e9l\u00e9brer nos diff\u00e9rences, nos go\u00fbts, nos int\u00e9r\u00eats, nos familles, nos cultures, nos religions, etc.<\/li>\n<li>Les \u00e9l\u00e8ves peuvent faire des suggestions pour l\u2019activit\u00e9 suivante. L\u2019enseignant doit examiner les d\u00e9clarations avant l\u2019activit\u00e9 pour s\u2019assurer de leur pertinence.<\/li>\n<li><span class=\"TrackChangeTextInsertion TrackedChange SCXW122055596 BCX0\"><span class=\"TrackedChange SCXW122055596 BCX0\"><span class=\"TextRun SCXW122055596 BCX0\" lang=\"FR-CA\" xml:lang=\"FR-CA\" data-contrast=\"none\"><span class=\"NormalTextRun SCXW122055596 BCX0\">Consid\u00e9rez laisser les \u00e9l\u00e8ves passer leur tour ou donner un exemple pour aider les \u00e9l\u00e8ves qui ont\u00a0<\/span><\/span><\/span><\/span><span class=\"TrackChangeTextInsertion TrackedChange SCXW122055596 BCX0\"><span class=\"TrackedChange SCXW122055596 BCX0\"><span class=\"TextRun SCXW122055596 BCX0\" lang=\"FR-CA\" xml:lang=\"FR-CA\" data-contrast=\"none\"><span class=\"NormalTextRun SCXW122055596 BCX0\">du mal<\/span><\/span><\/span><\/span><span class=\"TrackChangeTextInsertion TrackedChange SCXW122055596 BCX0\"><span class=\"TrackedChange SCXW122055596 BCX0\"><span class=\"TextRun SCXW122055596 BCX0\" lang=\"FR-CA\" xml:lang=\"FR-CA\" data-contrast=\"none\"><span class=\"NormalTextRun SCXW122055596 BCX0\">\u00a0\u00e0 trouver un \u00e9nonc\u00e9.<\/span><\/span><\/span><\/span><span class=\"EOP TrackedChange SCXW122055596 BCX0\" data-ccp-props=\"{&quot;201341983&quot;:0,&quot;335559685&quot;:178,&quot;335559739&quot;:0,&quot;335559740&quot;:240,&quot;335559991&quot;:218}\">\u00a0<\/span><\/li>\n<\/ul>\n<\/div><\/div><\/div><div class='card'><div class='card-header' role='tab' id='Donnes-probantes-0'><a data-toggle='collapse' data-parent='#accordion0' href='#collapseOneDonnes-probantes-0' aria-expanded='false' aria-controls='collapseOneDonnes-probantes-0'><h3 class='mb-0'><em class='fas fa-angle-down rotate-icon'><\/em> Donn\u00e9es probantes<\/h3><\/a><\/div><div id='collapseOneDonnes-probantes-0' class='collapse' role='tabpanel' aria-labelledby='collapseOneDonnes-probantes-0' data-parent='#accordion0'><div class='card-body'><p>Les \u00e9l\u00e8ves sont naturellement motiv\u00e9s \u00e0 comprendre et \u00e0 s\u2019engager avec ceux qu\u2019ils per\u00e7oivent comme \u00e9tant semblables \u00e0 eux (McLoughlin &amp; Over, 2017). Attirer l\u2019attention sur les similitudes entre les personnes de diff\u00e9rents groupes d\u2019amiti\u00e9, races ou cultures att\u00e9nue cette tendance en mod\u00e9lisant explicitement l\u2019inclusion (Qian et al. 2017).<\/p>\n<\/div><\/div><\/div><div class='card'><div class='card-header' role='tab' id='Rfrences-0'><a data-toggle='collapse' data-parent='#accordion0' href='#collapseOneRfrences-0' aria-expanded='false' aria-controls='collapseOneRfrences-0'><h3 class='mb-0'><em class='fas fa-angle-down rotate-icon'><\/em> R\u00e9f\u00e9rences<\/h3><\/a><\/div><div id='collapseOneRfrences-0' class='collapse' role='tabpanel' aria-labelledby='collapseOneRfrences-0' data-parent='#accordion0'><div class='card-body'><p>McLoughlin, N., &amp; Over, H. (2017). Young Children Are More Likely to Spontaneously Attribute Mental States to Members of Their Own Group. <em>Psychological Science, 28<\/em>(10), 1503-1509. doi:10.1177\/0956797617710724<\/p>\n<p>Qian, M. K., Quinn, P. C., Heyman, G. D., Pascalis, O., Fu, G., &amp; Lee, K. (2017). <em>A Long-Term Effect of Perceptual Individuation Training on Reducing Implicit Racial Bias in Preschool Children.<\/em> Child Development, n\/a-n\/a. doi:10.1111\/cdev.12971<\/p>\n<\/div><\/div><\/div><\/div>\n","protected":false},"excerpt":{"rendered":"<p>Aider \u00e0 am\u00e9liorer la coh\u00e9sion du groupe en salle de classe<\/p>\n","protected":false},"author":2,"featured_media":1210,"parent":1006,"menu_order":0,"comment_status":"closed","ping_status":"closed","template":"practice-template.php","meta":{"_acf_changed":false,"footnotes":""},"categories":[93,241,103,233,71],"tags":[],"class_list":["post-1209","page","type-page","status-publish","has-post-thumbnail","hentry","category-intermediaire","category-option-virtuelle","category-peut-se-faire-a-lexterieur","category-promouvoir","category-relations-saines"],"acf":[],"_links":{"self":[{"href":"https:\/\/smho-smso.ca\/emhc\/wp-json\/wp\/v2\/pages\/1209","targetHints":{"allow":["GET"]}}],"collection":[{"href":"https:\/\/smho-smso.ca\/emhc\/wp-json\/wp\/v2\/pages"}],"about":[{"href":"https:\/\/smho-smso.ca\/emhc\/wp-json\/wp\/v2\/types\/page"}],"author":[{"embeddable":true,"href":"https:\/\/smho-smso.ca\/emhc\/wp-json\/wp\/v2\/users\/2"}],"replies":[{"embeddable":true,"href":"https:\/\/smho-smso.ca\/emhc\/wp-json\/wp\/v2\/comments?post=1209"}],"version-history":[{"count":9,"href":"https:\/\/smho-smso.ca\/emhc\/wp-json\/wp\/v2\/pages\/1209\/revisions"}],"predecessor-version":[{"id":3065,"href":"https:\/\/smho-smso.ca\/emhc\/wp-json\/wp\/v2\/pages\/1209\/revisions\/3065"}],"up":[{"embeddable":true,"href":"https:\/\/smho-smso.ca\/emhc\/wp-json\/wp\/v2\/pages\/1006"}],"wp:featuredmedia":[{"embeddable":true,"href":"https:\/\/smho-smso.ca\/emhc\/wp-json\/wp\/v2\/media\/1210"}],"wp:attachment":[{"href":"https:\/\/smho-smso.ca\/emhc\/wp-json\/wp\/v2\/media?parent=1209"}],"wp:term":[{"taxonomy":"category","embeddable":true,"href":"https:\/\/smho-smso.ca\/emhc\/wp-json\/wp\/v2\/categories?post=1209"},{"taxonomy":"post_tag","embeddable":true,"href":"https:\/\/smho-smso.ca\/emhc\/wp-json\/wp\/v2\/tags?post=1209"}],"curies":[{"name":"wp","href":"https:\/\/api.w.org\/{rel}","templated":true}]}}