{"id":1182,"date":"2020-05-13T22:43:01","date_gmt":"2020-05-14T02:43:01","guid":{"rendered":"https:\/\/smho-smso.ca\/emhc\/?page_id=1182"},"modified":"2021-09-01T10:36:15","modified_gmt":"2021-09-01T14:36:15","slug":"essayez-encore-et-encore","status":"publish","type":"page","link":"https:\/\/smho-smso.ca\/emhc\/motivation-positive-et-perseverance\/la-perseverance\/essayez-encore-et-encore\/","title":{"rendered":"Essayez encore et encore"},"content":{"rendered":"\n<div class='accordion md-accordion' id='accordion0' role='tablist' aria-multiselectable='true'><div class='card'><div class='card-header' role='tab' id='Instructions-0'><a data-toggle='collapse' data-parent='#accordion0' href='#collapseOneInstructions-0' aria-expanded='true' aria-controls='collapseOneInstructions-0'><h3 class='mb-0'><em class='fas fa-angle-down rotate-icon'><\/em> Instructions<\/h3><\/a><\/div><div id='collapseOneInstructions-0' class='collapse show' role='tabpanel' aria-labelledby='collapseOneInstructions-0' data-parent='#accordion0'><div class='card-body'><p>Faites un remue-m\u00e9ninges avec les \u00e9l\u00e8ves : \u00ab Que signifie avoir de la pers\u00e9v\u00e9rance ou une attitude de \u00ab ne pas\u00a0 \u00a0 abandonner \u00bb?<\/p>\n<p>Pr\u00e9sentez-leur une citation qui <span class=\"TrackChangeTextInsertion TrackedChange  BCX0 SCXW174434310\"><span class=\"TrackedChange  BCX0 SCXW174434310\"><span class=\"TextRun  BCX0 SCXW174434310\" lang=\"FR-CA\" xml:lang=\"FR-CA\" data-contrast=\"auto\"><span class=\"NormalTextRun  BCX0 SCXW174434310\">refl\u00e8te de la pers\u00e9v\u00e9rance, par exemple<\/span><\/span><\/span><\/span><span class=\"TrackedChange  BCX0 SCXW174434310\"><span class=\"TextRun  BCX0 SCXW174434310\" lang=\"FR-CA\" xml:lang=\"FR-CA\" data-contrast=\"auto\"><span class=\"NormalTextRun  BCX0 SCXW174434310\">\u00a0<\/span><\/span><\/span><span class=\"TrackChangeTextInsertion TrackedChange  BCX0 SCXW174434310\"><span class=\"TrackedChange  BCX0 SCXW174434310\"><span class=\"TextRun  BCX0 SCXW174434310\" lang=\"FR-CA\" xml:lang=\"FR-CA\" data-contrast=\"auto\"><span class=\"NormalTextRun  BCX0 SCXW174434310\">celle de<\/span><\/span><\/span><\/span> Thomas Edison <span class=\"TrackedChange  BCX0 SCXW174434310\"><span class=\"TextRun  BCX0 SCXW174434310\" lang=\"FR-CA\" xml:lang=\"FR-CA\" data-contrast=\"auto\"><span class=\"NormalTextRun  BCX0 SCXW174434310\">\u00a0<\/span><\/span><\/span><span class=\"TrackChangeTextInsertion TrackedChange  BCX0 SCXW174434310\"><span class=\"TrackedChange  BCX0 SCXW174434310\"><span class=\"TextRun  BCX0 SCXW174434310\" lang=\"FR-CA\" xml:lang=\"FR-CA\" data-contrast=\"auto\"><span class=\"NormalTextRun  BCX0 SCXW174434310\">qui dit\u00a0<\/span><\/span><\/span><\/span>\u00e0 propos de son travail sur l&#8217;ampoule \u00e9lectrique :\u00a0 \u00a0\u00ab Je n&#8217;ai pas \u00e9chou\u00e9. J&#8217;ai tout simplement trouv\u00e9 10 000 solutions qui ne fonctionnent pas. \u00bb. <span class=\"TrackChangeTextInsertion TrackedChange SCXW154994832 BCX0\"><span class=\"TrackedChange SCXW154994832 BCX0\"><span class=\"TextRun SCXW154994832 BCX0\" lang=\"FR-CA\" xml:lang=\"FR-CA\" data-contrast=\"auto\"><span class=\"NormalTextRun SCXW154994832 BCX0\">Consid\u00e9rez utiliser des citations additionnelles qui refl\u00e8te<\/span><\/span><\/span><\/span><span class=\"TrackChangeTextInsertion TrackedChange SCXW154994832 BCX0\"><span class=\"TrackedChange SCXW154994832 BCX0\"><span class=\"TextRun SCXW154994832 BCX0\" lang=\"FR-CA\" xml:lang=\"FR-CA\" data-contrast=\"auto\"><span class=\"NormalTextRun SCXW154994832 BCX0\">nt<\/span><\/span><\/span><\/span><span class=\"TrackChangeTextInsertion TrackedChange SCXW154994832 BCX0\"><span class=\"TrackedChange SCXW154994832 BCX0\"><span class=\"TextRun SCXW154994832 BCX0\" lang=\"FR-CA\" xml:lang=\"FR-CA\" data-contrast=\"auto\"><span class=\"NormalTextRun SCXW154994832 BCX0\">\u00a0la diversit\u00e9 culturelle.<\/span><\/span><\/span><\/span><\/p>\n<p>Demandez ensuite :<\/p>\n<ul>\n<li>Penser, \u00e0 l\u2019aide de la strat\u00e9gie \u00ab penser, discuter, partager \u00bb, au fait que la vie pourrait \u00eatre tr\u00e8s diff\u00e9rente si M. Edison avait abandonn\u00e9 apr\u00e8s ses premi\u00e8res tentatives d\u2019inventer l\u2019ampoule.<\/li>\n<li>R\u00e9diger leur propre citation qui les aidera \u00e0 pers\u00e9v\u00e9rer.<\/li>\n<li>Partager les citations avec toute la classe et les afficher.<\/li>\n<\/ul>\n<\/div><\/div><\/div><div class='card'><div class='card-header' role='tab' id='Adaptations-0'><a data-toggle='collapse' data-parent='#accordion0' href='#collapseOneAdaptations-0' aria-expanded='false' aria-controls='collapseOneAdaptations-0'><h3 class='mb-0'><em class='fas fa-angle-down rotate-icon'><\/em> Adaptations<\/h3><\/a><\/div><div id='collapseOneAdaptations-0' class='collapse' role='tabpanel' aria-labelledby='collapseOneAdaptations-0' data-parent='#accordion0'><div class='card-body'><ul>\n<li>Pour les \u00e9l\u00e8ves plus \u00e2g\u00e9s :\n<ul>\n<li>Demandez-leur de discuter de ce qu\u2019ils font de bien. Est-ce que ces choses n\u00e9cessitent de la pratique? Combien de temps?<\/li>\n<li>Demandez-leur s\u2019ils r\u00eavent de bien ma\u00eetriser quelque chose. Que faut-il pour devenir expert? Quel r\u00f4le la pers\u00e9v\u00e9rance joue-t-elle dans le processus de devenir expert?<\/li>\n<li>Demandez-leur de d\u00e9velopper des moyens d\u2019encourager les autres \u00e0 essayer encore. Discutez des fa\u00e7ons dont ils peuvent s\u2019encourager eux-m\u00eames gr\u00e2ce \u00e0 un discours interne positif.<\/li>\n<li>Demandez-leur d\u2019\u00e9crire un message positif pour eux-m\u00eames qui leur servira de rappel tout au long de la journ\u00e9e.<\/li>\n<li>Cr\u00e9ez un babillard qui affiche des affirmations positives auxquelles les \u00e9l\u00e8ves peuvent se r\u00e9f\u00e9rer.<\/li>\n<\/ul>\n<\/li>\n<\/ul>\n<\/div><\/div><\/div><div class='card'><div class='card-header' role='tab' id='Considration-0'><a data-toggle='collapse' data-parent='#accordion0' href='#collapseOneConsidration-0' aria-expanded='false' aria-controls='collapseOneConsidration-0'><h3 class='mb-0'><em class='fas fa-angle-down rotate-icon'><\/em> Consid\u00e9ration<\/h3><\/a><\/div><div id='collapseOneConsidration-0' class='collapse' role='tabpanel' aria-labelledby='collapseOneConsidration-0' data-parent='#accordion0'><div class='card-body'><p>Entamez une discussion sur la n\u00e9cessit\u00e9 de modifier votre objectif de temps en temps. Changer de cap ne devrait pas toujours \u00eatre consid\u00e9r\u00e9 comme un abandon, mais plut\u00f4t comme un moyen de pers\u00e9v\u00e9rer de mani\u00e8re cr\u00e9ative ou plus appropri\u00e9e.<\/p>\n<\/div><\/div><\/div><div class='card'><div class='card-header' role='tab' id='Donnes-probantes-0'><a data-toggle='collapse' data-parent='#accordion0' href='#collapseOneDonnes-probantes-0' aria-expanded='false' aria-controls='collapseOneDonnes-probantes-0'><h3 class='mb-0'><em class='fas fa-angle-down rotate-icon'><\/em> Donn\u00e9es probantes<\/h3><\/a><\/div><div id='collapseOneDonnes-probantes-0' class='collapse' role='tabpanel' aria-labelledby='collapseOneDonnes-probantes-0' data-parent='#accordion0'><div class='card-body'><p>L\u2019aptitude \u00e0 r\u00e9essayer, \u00e0 \u00ab s\u2019y tenir \u00bb et \u00e0 pers\u00e9v\u00e9rer exige une autodiscipline. Il a \u00e9t\u00e9 d\u00e9montr\u00e9 qu\u2019un \u00e9l\u00e8ve ayant une forte autodiscipline a un rendement acad\u00e9mique plus important que ceux dont le QI est plus \u00e9lev\u00e9 (Duckworth &amp; Seligman, 2005). En outre, la r\u00e9silience de l\u2019\u00e9l\u00e8ve est essentielle (Yeager &amp; Dweck, 2012).<\/p>\n<\/div><\/div><\/div><div class='card'><div class='card-header' role='tab' id='Rfrences-0'><a data-toggle='collapse' data-parent='#accordion0' href='#collapseOneRfrences-0' aria-expanded='false' aria-controls='collapseOneRfrences-0'><h3 class='mb-0'><em class='fas fa-angle-down rotate-icon'><\/em> R\u00e9f\u00e9rences<\/h3><\/a><\/div><div id='collapseOneRfrences-0' class='collapse' role='tabpanel' aria-labelledby='collapseOneRfrences-0' data-parent='#accordion0'><div class='card-body'><p>Duckworth, A. L., &amp; Seligman, M. E. (2005). Self-discipline outdoes IQ in predicting academic performance of adolescents. <em>Psychological science, 16<\/em>(12), 939-944.<\/p>\n<p>Yeager, D. S., &amp; Dweck, C. S. (2012). Mindsets that promote resilience: When students believe that personal characteristics can be developed. <em>Educational Psychologist, 47<\/em>(4), 302-314.<\/p>\n<\/div><\/div><\/div><\/div>\n","protected":false},"excerpt":{"rendered":"<p>Enseigner aux \u00e9l\u00e8ves le concept de la pers\u00e9v\u00e9rance, de continuer et de ne pas abandonner, m\u00eame lorsque les choses sont difficiles<\/p>\n","protected":false},"author":2,"featured_media":1183,"parent":994,"menu_order":0,"comment_status":"closed","ping_status":"closed","template":"practice-template.php","meta":{"_acf_changed":false,"footnotes":""},"categories":[99,93,75,95,241,97,233],"tags":[],"class_list":["post-1182","page","type-page","status-publish","has-post-thumbnail","hentry","category-aucun-materiel-requis","category-intermediaire","category-motivation-positive-et-perseverance","category-moyen","category-option-virtuelle","category-primaire","category-promouvoir"],"acf":[],"_links":{"self":[{"href":"https:\/\/smho-smso.ca\/emhc\/wp-json\/wp\/v2\/pages\/1182","targetHints":{"allow":["GET"]}}],"collection":[{"href":"https:\/\/smho-smso.ca\/emhc\/wp-json\/wp\/v2\/pages"}],"about":[{"href":"https:\/\/smho-smso.ca\/emhc\/wp-json\/wp\/v2\/types\/page"}],"author":[{"embeddable":true,"href":"https:\/\/smho-smso.ca\/emhc\/wp-json\/wp\/v2\/users\/2"}],"replies":[{"embeddable":true,"href":"https:\/\/smho-smso.ca\/emhc\/wp-json\/wp\/v2\/comments?post=1182"}],"version-history":[{"count":9,"href":"https:\/\/smho-smso.ca\/emhc\/wp-json\/wp\/v2\/pages\/1182\/revisions"}],"predecessor-version":[{"id":3056,"href":"https:\/\/smho-smso.ca\/emhc\/wp-json\/wp\/v2\/pages\/1182\/revisions\/3056"}],"up":[{"embeddable":true,"href":"https:\/\/smho-smso.ca\/emhc\/wp-json\/wp\/v2\/pages\/994"}],"wp:featuredmedia":[{"embeddable":true,"href":"https:\/\/smho-smso.ca\/emhc\/wp-json\/wp\/v2\/media\/1183"}],"wp:attachment":[{"href":"https:\/\/smho-smso.ca\/emhc\/wp-json\/wp\/v2\/media?parent=1182"}],"wp:term":[{"taxonomy":"category","embeddable":true,"href":"https:\/\/smho-smso.ca\/emhc\/wp-json\/wp\/v2\/categories?post=1182"},{"taxonomy":"post_tag","embeddable":true,"href":"https:\/\/smho-smso.ca\/emhc\/wp-json\/wp\/v2\/tags?post=1182"}],"curies":[{"name":"wp","href":"https:\/\/api.w.org\/{rel}","templated":true}]}}