{"id":1164,"date":"2020-05-13T22:34:27","date_gmt":"2020-05-14T02:34:27","guid":{"rendered":"https:\/\/smho-smso.ca\/emhc\/?page_id=1164"},"modified":"2022-01-27T13:02:50","modified_gmt":"2022-01-27T18:02:50","slug":"apprentissage-inspirant","status":"publish","type":"page","link":"https:\/\/smho-smso.ca\/emhc\/motivation-positive-et-perseverance\/le-recadrage\/apprentissage-inspirant\/","title":{"rendered":"Apprentissage inspirant"},"content":{"rendered":"\n<div class='accordion md-accordion' id='accordion0' role='tablist' aria-multiselectable='true'><div class='card'><div class='card-header' role='tab' id='Instructions-0'><a data-toggle='collapse' data-parent='#accordion0' href='#collapseOneInstructions-0' aria-expanded='true' aria-controls='collapseOneInstructions-0'><h3 class='mb-0'><em class='fas fa-angle-down rotate-icon'><\/em> Instructions<\/h3><\/a><\/div><div id='collapseOneInstructions-0' class='collapse show' role='tabpanel' aria-labelledby='collapseOneInstructions-0' data-parent='#accordion0'><div class='card-body'><ul>\n<li>Utilisez des \u00e9nonc\u00e9s pour aider \u00e0 rappeler aux \u00e9l\u00e8ves \u00e0 quoi ressemble la mentalit\u00e9 de croissance\u00a0:\n<ul>\n<li>\u00ab Le but n\u2019est pas de tout comprendre tout de suite. Le but est de d\u00e9velopper votre compr\u00e9hension \u00e9tape par \u00e9tape. Que pouvez-vous essayer ensuite? \u00bb<\/li>\n<li>\u00ab Le sentiment que les maths sont difficiles, ce n\u2019est que la sensation d\u2019un cerveau en croissance. \u00bb<\/li>\n<li>\u00ab Si vous vous surprenez \u00e0 dire \u2039 je ne suis pas bon en maths \u203a, ajoutez simplement le mot \u2039 encore \u203a apr\u00e8s le mot \u2039 pas \u203a \u00bb.<\/li>\n<\/ul>\n<\/li>\n<li>Invitez les \u00e9l\u00e8ves \u00e0 concevoir et \u00e0 cr\u00e9er une affiche \u00e0 propos de l\u2019\u00e9nonc\u00e9 de leur choix. Accrochez les affiches pour soutenir un climat accueillant et inclusif qui inspire et favorise un \u00e9tat d\u2019esprit positif.<\/li>\n<\/ul>\n<\/div><\/div><\/div><div class='card'><div class='card-header' role='tab' id='Ressources-supplmentaires-0'><a data-toggle='collapse' data-parent='#accordion0' href='#collapseOneRessources-supplmentaires-0' aria-expanded='false' aria-controls='collapseOneRessources-supplmentaires-0'><h3 class='mb-0'><em class='fas fa-angle-down rotate-icon'><\/em> Ressources suppl\u00e9mentaires<\/h3><\/a><\/div><div id='collapseOneRessources-supplmentaires-0' class='collapse' role='tabpanel' aria-labelledby='collapseOneRessources-supplmentaires-0' data-parent='#accordion0'><div class='card-body'><p>Vid\u00e9o : Carol Dweck \u2013 Power of Yet TEDxNorrk\u00f6ping; version disponible avec sous-titres en fran\u00e7ais : Le pouvoir de croire que vous pouvez vous am\u00e9liorer (traduction par Morgane Quilfen)<\/p>\n<p><iframe loading=\"lazy\" title=\"Carol Dweck: Le pouvoir de croire que vous pouvez vous am\u00e9liorer\" src=\"https:\/\/embed.ted.com\/talks\/lang\/fr\/carol_dweck_the_power_of_believing_that_you_can_improve\" width=\"500\" height=\"282\" frameborder=\"0\" scrolling=\"no\" webkitAllowFullScreen mozallowfullscreen allowFullScreen><\/iframe><\/p>\n<\/div><\/div><\/div><div class='card'><div class='card-header' role='tab' id='Adaptations-0'><a data-toggle='collapse' data-parent='#accordion0' href='#collapseOneAdaptations-0' aria-expanded='false' aria-controls='collapseOneAdaptations-0'><h3 class='mb-0'><em class='fas fa-angle-down rotate-icon'><\/em> Adaptations<\/h3><\/a><\/div><div id='collapseOneAdaptations-0' class='collapse' role='tabpanel' aria-labelledby='collapseOneAdaptations-0' data-parent='#accordion0'><div class='card-body'><ul>\n<li>Les \u00e9nonc\u00e9s pourraient \u00eatre \u00e9crits sur des fiches que les \u00e9l\u00e8ves gardent sur leurs pupitres, ou bien dans le cadre d\u2019un journal, servant de rappel personnel de faire preuve de douceur \u00e0 notre \u00e9gard en tant qu\u2019apprenants.<\/li>\n<li>Citez des exemples d\u2019\u00e9nonc\u00e9s qui d\u00e9montrent la mentalit\u00e9 de croissance, puis discutez des fa\u00e7ons de s\u2019en inspirer au quotidien.<\/li>\n<li>Une citation inspirante peut \u00eatre \u00e9crite au tableau chaque matin.<\/li>\n<li>Cette pratique peut servir d\u2019introduction au concept de la mentalit\u00e9 de croissance.<\/li>\n<\/ul>\n<\/div><\/div><\/div><div class='card'><div class='card-header' role='tab' id='Donnes-probantes-0'><a data-toggle='collapse' data-parent='#accordion0' href='#collapseOneDonnes-probantes-0' aria-expanded='false' aria-controls='collapseOneDonnes-probantes-0'><h3 class='mb-0'><em class='fas fa-angle-down rotate-icon'><\/em> Donn\u00e9es probantes<\/h3><\/a><\/div><div id='collapseOneDonnes-probantes-0' class='collapse' role='tabpanel' aria-labelledby='collapseOneDonnes-probantes-0' data-parent='#accordion0'><div class='card-body'><p>L\u2019adoption d\u2019une mentalit\u00e9 de croissance semble \u00eatre un outil utile pour faire face aux d\u00e9fis. Elle favorise l\u2019apprentissage lors des moments difficiles, et la r\u00e9ussite malgr\u00e9 les obstacles (Dweck 2006; Dweck, 2008; Boaler, 2013). Bien que les donn\u00e9es probantes soient limit\u00e9es dans ce domaine, encourager une mentalit\u00e9 de croissance semble prometteur pour recadrer les \u00e9v\u00e9nements n\u00e9gatifs de la vie et susciter des actions positives.<\/p>\n<\/div><\/div><\/div><div class='card'><div class='card-header' role='tab' id='Rfrences-0'><a data-toggle='collapse' data-parent='#accordion0' href='#collapseOneRfrences-0' aria-expanded='false' aria-controls='collapseOneRfrences-0'><h3 class='mb-0'><em class='fas fa-angle-down rotate-icon'><\/em> R\u00e9f\u00e9rences<\/h3><\/a><\/div><div id='collapseOneRfrences-0' class='collapse' role='tabpanel' aria-labelledby='collapseOneRfrences-0' data-parent='#accordion0'><div class='card-body'><p>Boaler, J. (2013, March). <em>Ability and mathematics: The mindset revolution that is reshaping education.<\/em> In Forum (Vol. 55, No. 1, pp. 143-152). Symposium Journals.<\/p>\n<p>Dweck, C. S. (2006). <em>Mindset: The new psychology of success<\/em>. New York: Random House.<\/p>\n<p>Dweck, C. S. (2008). <em>Mindsets and Math<\/em>. Science Achievement, 2, 1-1.<\/p>\n<\/div><\/div><\/div><\/div>\n","protected":false},"excerpt":{"rendered":"<p>Fournir des rappels visuels des concepts cl\u00e9s de la mentalit\u00e9 de croissance pour soutenir l\u2019apprentissage et la motivation des \u00e9l\u00e8ves en classe<\/p>\n","protected":false},"author":2,"featured_media":1734,"parent":979,"menu_order":0,"comment_status":"closed","ping_status":"closed","template":"practice-template.php","meta":{"_acf_changed":false,"footnotes":""},"categories":[229,93,75,95,241,233],"tags":[],"class_list":["post-1164","page","type-page","status-publish","has-post-thumbnail","hentry","category-inclure","category-intermediaire","category-motivation-positive-et-perseverance","category-moyen","category-option-virtuelle","category-promouvoir"],"acf":[],"_links":{"self":[{"href":"https:\/\/smho-smso.ca\/emhc\/wp-json\/wp\/v2\/pages\/1164","targetHints":{"allow":["GET"]}}],"collection":[{"href":"https:\/\/smho-smso.ca\/emhc\/wp-json\/wp\/v2\/pages"}],"about":[{"href":"https:\/\/smho-smso.ca\/emhc\/wp-json\/wp\/v2\/types\/page"}],"author":[{"embeddable":true,"href":"https:\/\/smho-smso.ca\/emhc\/wp-json\/wp\/v2\/users\/2"}],"replies":[{"embeddable":true,"href":"https:\/\/smho-smso.ca\/emhc\/wp-json\/wp\/v2\/comments?post=1164"}],"version-history":[{"count":8,"href":"https:\/\/smho-smso.ca\/emhc\/wp-json\/wp\/v2\/pages\/1164\/revisions"}],"predecessor-version":[{"id":3120,"href":"https:\/\/smho-smso.ca\/emhc\/wp-json\/wp\/v2\/pages\/1164\/revisions\/3120"}],"up":[{"embeddable":true,"href":"https:\/\/smho-smso.ca\/emhc\/wp-json\/wp\/v2\/pages\/979"}],"wp:featuredmedia":[{"embeddable":true,"href":"https:\/\/smho-smso.ca\/emhc\/wp-json\/wp\/v2\/media\/1734"}],"wp:attachment":[{"href":"https:\/\/smho-smso.ca\/emhc\/wp-json\/wp\/v2\/media?parent=1164"}],"wp:term":[{"taxonomy":"category","embeddable":true,"href":"https:\/\/smho-smso.ca\/emhc\/wp-json\/wp\/v2\/categories?post=1164"},{"taxonomy":"post_tag","embeddable":true,"href":"https:\/\/smho-smso.ca\/emhc\/wp-json\/wp\/v2\/tags?post=1164"}],"curies":[{"name":"wp","href":"https:\/\/api.w.org\/{rel}","templated":true}]}}