{"id":1134,"date":"2020-05-13T22:21:03","date_gmt":"2020-05-14T02:21:03","guid":{"rendered":"https:\/\/smho-smso.ca\/emhc\/?page_id=1134"},"modified":"2022-09-09T18:14:14","modified_gmt":"2022-09-09T22:14:14","slug":"quelle-est-ma-temperature","status":"publish","type":"page","link":"https:\/\/smho-smso.ca\/emhc\/reconnaissance-et-gestion-des-emotions\/jauger\/quelle-est-ma-temperature\/","title":{"rendered":"Quelle est ma temp\u00e9rature ?"},"content":{"rendered":"\n<div class='accordion md-accordion' id='accordion0' role='tablist' aria-multiselectable='true'><div class='card'><div class='card-header' role='tab' id='Instructions-0'><a data-toggle='collapse' data-parent='#accordion0' href='#collapseOneInstructions-0' aria-expanded='true' aria-controls='collapseOneInstructions-0'><h3 class='mb-0'><em class='fas fa-angle-down rotate-icon'><\/em> Instructions<\/h3><\/a><\/div><div id='collapseOneInstructions-0' class='collapse show' role='tabpanel' aria-labelledby='collapseOneInstructions-0' data-parent='#accordion0'><div class='card-body'><p><strong>Discutez<\/strong> :<\/p>\n<ul>\n<li style=\"list-style-type: none;\">\n<ul>\n<li>De la vari\u00e9t\u00e9 d\u2019\u00e9motions que vous voulez que les \u00e9l\u00e8ves puissent reconna\u00eetre.<\/li>\n<li>Comment un thermom\u00e8tre peut-il \u00eatre utilis\u00e9 pour mesurer une \u00e9motion?<\/li>\n<\/ul>\n<\/li>\n<li>Demandez d\u2019abord aux \u00e9l\u00e8ves de fabriquer un thermom\u00e8tre des \u00e9motions.<\/li>\n<li>Ensuite, co-cr\u00e9ez une banque de mots de vocabulaire \u00e9motionnel pour chaque \u00e9motion (bonheur, tristesse, amour, d\u00e9go\u00fbt, col\u00e8re, peur et surprise).<\/li>\n<li>Enseignez comment utiliser le thermom\u00e8tre (p. ex., identifiez leur \u00e9motion et indiquez-la sur le thermom\u00e8tre).<\/li>\n<li>Les \u00e9l\u00e8ves peuvent se r\u00e9f\u00e9rer au thermom\u00e8tre des \u00e9motions pour \u00e9valuer leur niveau \u00e9motionnel ou pour les aider \u00e0 communiquer leurs \u00e9motions \u00e0 leur enseignant.\n<ul>\n<li>Reconna\u00eetre le moment o\u00f9 l\u2019\u00e9motion s\u2019intensifie est une \u00e9tape importante amenant les \u00e9l\u00e8ves vers la r\u00e9gulation \u00e9motionnelle.<\/li>\n<\/ul>\n<\/li>\n<\/ul>\n<\/div><\/div><\/div><div class='card'><div class='card-header' role='tab' id='Ressources-supplmentaires-0'><a data-toggle='collapse' data-parent='#accordion0' href='#collapseOneRessources-supplmentaires-0' aria-expanded='false' aria-controls='collapseOneRessources-supplmentaires-0'><h3 class='mb-0'><em class='fas fa-angle-down rotate-icon'><\/em> Ressources suppl\u00e9mentaires<\/h3><\/a><\/div><div id='collapseOneRessources-supplmentaires-0' class='collapse' role='tabpanel' aria-labelledby='collapseOneRessources-supplmentaires-0' data-parent='#accordion0'><div class='card-body'><p><a href=\"https:\/\/smho-smso.ca\/blog\/online-resources\/activites-faciles-et-amusantes-a-essayer-avec-vos-enfants-a-la-maison-pour-favoriser-la-sante-mentale\/\" target=\"_blank\" rel=\"noopener\">Voir : <\/a><a href=\"https:\/\/smho-smso.ca\/blog\/online-resources\/activites-faciles-et-amusantes-a-essayer-avec-vos-enfants-a-la-maison-pour-favoriser-la-sante-mentale\/\" target=\"_blank\" rel=\"noopener\">Activit\u00e9s faciles et amusantes \u00e0 essayer avec vos enfants \u00e0 la maison pour favoriser la sant\u00e9 mentale<\/a><\/p>\n<p><img loading=\"lazy\" decoding=\"async\" class=\"alignnone\" src=\"https:\/\/smho-smso.ca\/wp-content\/uploads\/2020\/06\/Quelle-est-ma-temperature-EDMH-Parents-scaled.jpg\" alt=\"Quelle est la temp\u00e9rature ? Voir la description ci-dessous.\" width=\"2560\" height=\"1513\" \/><\/p>\n<p><strong>Pr\u00e9parez-vous<\/strong><\/p>\n<ul>\n<li>Rassemblez du papier, des crayons de couleur, ou des marqueurs.<\/li>\n<li>Sur une feuille de papier, \u00e9crivez ou dessinez diff\u00e9rentes \u00e9motions ou dessinez diff\u00e9rentes (par ex., heureux, triste, en col\u00e8re, excit\u00e9).<\/li>\n<li>Demandez \u00e0 votre enfant de choisir une de ces \u00e9motions pour l\u2019activit\u00e9.<\/li>\n<\/ul>\n<p><strong>Allez-y!<\/strong><\/p>\n<ul>\n<li>Demandez \u00e0 votre enfant de dessiner un grand thermom\u00e8tre sur une feuille de papier.<\/li>\n<li>Inscrivez six points num\u00e9rot\u00e9s sur le thermom\u00e8tre, en commen\u00e7ant par 0 en bas, jusqu\u2019\u00e0 5 en haut.<\/li>\n<li>En haut de la feuille, inscrivez l\u2019\u00e9motion choisie par votre enfant.<\/li>\n<li>Parlez-lui des diff\u00e9rents niveaux d\u2019intensit\u00e9 pour cette \u00e9motion\u00a0: le niveau 1 est d\u2019une faible intensit\u00e9, et le niveau 5 est fortement intense. Par exemple, si votre enfant a choisi la col\u00e8re pour l\u2019activit\u00e9, le niveau 1 pourrait signifier \u00ab\u00a0pas du tout en col\u00e8re\u00a0\u00bb tandis que le niveau 5 pourrait signifier \u00ab\u00a0furieux\u00a0\u00bb.<\/li>\n<li>D\u00e9crivez une situation et demandez \u00e0 votre enfant de se servir du thermom\u00e8tre pour \u00e9valuer le niveau d\u2019intensit\u00e9 qu\u2019il pourrait lui-m\u00eame ressentir face \u00e0 une telle situation.<\/li>\n<li>Cette activit\u00e9 peut vous servir \u00e0 diff\u00e9rents moments pour aider votre enfant \u00e0 reconnaitre cette \u00e9motion et le niveau d\u2019intensit\u00e9 qu\u2019elle suscite.<\/li>\n<li>Fabriquez un nouveau thermom\u00e8tre en vous servant d\u2019une autre \u00e9motion.<\/li>\n<\/ul>\n<\/div><\/div><\/div><div class='card'><div class='card-header' role='tab' id='Adaptations-0'><a data-toggle='collapse' data-parent='#accordion0' href='#collapseOneAdaptations-0' aria-expanded='false' aria-controls='collapseOneAdaptations-0'><h3 class='mb-0'><em class='fas fa-angle-down rotate-icon'><\/em> Adaptations<\/h3><\/a><\/div><div id='collapseOneAdaptations-0' class='collapse' role='tabpanel' aria-labelledby='collapseOneAdaptations-0' data-parent='#accordion0'><div class='card-body'><ul>\n<li>Les \u00e9l\u00e8ves peuvent aussi apprendre \u00e0 exprimer leurs \u00e9motions \u00e0 l\u2019aide d\u2019\u00e9mojis.<\/li>\n<li>Augmentez leur vocabulaire \u00e9motionnel en pr\u00e9sentant ou passant en revue une vari\u00e9t\u00e9 de fa\u00e7ons de d\u00e9crire les diff\u00e9rents niveaux d\u2019une \u00e9motion particuli\u00e8re (p. ex., agac\u00e9, frustr\u00e9, furieux, livide, et indign\u00e9, etc. sont diff\u00e9rents niveaux de col\u00e8re).<\/li>\n<li>Pour les \u00e9l\u00e8ves plus \u00e2g\u00e9s : Utilisez les \u00e9mojis pour faire le point avec eux \u00e0 propos de leurs sentiments dans le cadre d\u2019un \u00ab billet de sortie \u00bb (apr\u00e8s la le\u00e7on, la classe ou la journ\u00e9e scolaire).<\/li>\n<li>Pour les plus jeunes : Chaque \u00e9l\u00e8ve re\u00e7oit un b\u00e2ton de popsicle portant son nom. Les \u00e9mojis peuvent \u00eatre mis dans un organisateur \u00e0 pochettes. \u00c0 tour de r\u00f4le, les \u00e9l\u00e8ves mettent leur b\u00e2ton devant le visage qui correspond \u00e0 ce qu\u2019ils ressentent en utilisant une phrase compl\u00e8te (p. ex., \u00ab Je me sens heureux parce que\u2026 \u00bb ou \u00ab Je suis triste parce que\u2026 \u00bb).<\/li>\n<li>Aidez les \u00e9l\u00e8ves \u00e0 relier les \u00e9motions \u00e0 quelque chose qu\u2019ils peuvent voir, entendre ou ressentir. Utilisez un tableau \u00ab Ressemble \u00e0\u2026 \/ Semblable au son de\u2026 \/Donne la sensation de\u2026 \u00bb pour explorer les manifestations d\u2019une \u00e9motion particuli\u00e8re et pour aider les \u00e9l\u00e8ves \u00e0 ressentir les diff\u00e9rences subtiles entre leurs humeurs.<\/li>\n<\/ul>\n<\/div><\/div><\/div><div class='card'><div class='card-header' role='tab' id='Donnes-probantes-0'><a data-toggle='collapse' data-parent='#accordion0' href='#collapseOneDonnes-probantes-0' aria-expanded='false' aria-controls='collapseOneDonnes-probantes-0'><h3 class='mb-0'><em class='fas fa-angle-down rotate-icon'><\/em> Donn\u00e9es probantes<\/h3><\/a><\/div><div id='collapseOneDonnes-probantes-0' class='collapse' role='tabpanel' aria-labelledby='collapseOneDonnes-probantes-0' data-parent='#accordion0'><div class='card-body'><p>Utiliser les activit\u00e9s de groupe pour reconna\u00eetre et g\u00e9rer les \u00e9motions favorise la participation des \u00e9l\u00e8ves aux interactions sociales b\u00e9n\u00e9fiques, normalise les exp\u00e9riences des \u00e9motions et offre aux \u00e9l\u00e8ves une occasion structur\u00e9e de partager et de travailler avec d\u2019autres \u00e9l\u00e8ves pour am\u00e9liorer leurs capacit\u00e9s d\u2019autor\u00e9gulation (Domitrovich, Cortes &amp; Greenberg). 2007; Slavin, 1995; Success for all Foundation, 2010).<\/p>\n<\/div><\/div><\/div><div class='card'><div class='card-header' role='tab' id='Rfrences-0'><a data-toggle='collapse' data-parent='#accordion0' href='#collapseOneRfrences-0' aria-expanded='false' aria-controls='collapseOneRfrences-0'><h3 class='mb-0'><em class='fas fa-angle-down rotate-icon'><\/em> R\u00e9f\u00e9rences<\/h3><\/a><\/div><div id='collapseOneRfrences-0' class='collapse' role='tabpanel' aria-labelledby='collapseOneRfrences-0' data-parent='#accordion0'><div class='card-body'><p>Domitrovich, C. E., Cortes, R. C., &amp; Greenberg, M. T. (2007). Improving Young Children\u2019s Social and Emotional Competence: A Randomized Trial of the Preschool \u201cPATHS\u201d Curriculum. <em>The Journal of Primary Prevention, 28<\/em>(2), 67-91. doi:10.1007\/s10935-007-0081-0<\/p>\n<p>Slavin, R. (1995). <em>Cooperative Learning: Theory, Research, and Practice (2nd ed.).<\/em> Boston: Allyn &amp; Bacon<\/p>\n<p>Success for all Foundation. (2010). <em>Power Teaching Cooperative Learning Handbook<\/em>. Retrieved from www.successforall.org<\/p>\n<\/div><\/div><\/div><\/div>\n","protected":false},"excerpt":{"rendered":"<p>\u00c9valuer sa temp\u00e9rature \u00e9motionnelle pour apprendre \u00e0 reconna\u00eetre et \u00e0 ma\u00eetriser ses \u00e9motions<\/p>\n","protected":false},"author":2,"featured_media":1135,"parent":982,"menu_order":0,"comment_status":"closed","ping_status":"closed","template":"practice-template.php","meta":{"_acf_changed":false,"footnotes":""},"categories":[235,93,95,241,97,233,73],"tags":[],"class_list":["post-1134","page","type-page","status-publish","has-post-thumbnail","hentry","category-comprendre","category-intermediaire","category-moyen","category-option-virtuelle","category-primaire","category-promouvoir","category-reconnaissance-et-gestion-des-emotions"],"acf":[],"_links":{"self":[{"href":"https:\/\/smho-smso.ca\/emhc\/wp-json\/wp\/v2\/pages\/1134","targetHints":{"allow":["GET"]}}],"collection":[{"href":"https:\/\/smho-smso.ca\/emhc\/wp-json\/wp\/v2\/pages"}],"about":[{"href":"https:\/\/smho-smso.ca\/emhc\/wp-json\/wp\/v2\/types\/page"}],"author":[{"embeddable":true,"href":"https:\/\/smho-smso.ca\/emhc\/wp-json\/wp\/v2\/users\/2"}],"replies":[{"embeddable":true,"href":"https:\/\/smho-smso.ca\/emhc\/wp-json\/wp\/v2\/comments?post=1134"}],"version-history":[{"count":9,"href":"https:\/\/smho-smso.ca\/emhc\/wp-json\/wp\/v2\/pages\/1134\/revisions"}],"predecessor-version":[{"id":3142,"href":"https:\/\/smho-smso.ca\/emhc\/wp-json\/wp\/v2\/pages\/1134\/revisions\/3142"}],"up":[{"embeddable":true,"href":"https:\/\/smho-smso.ca\/emhc\/wp-json\/wp\/v2\/pages\/982"}],"wp:featuredmedia":[{"embeddable":true,"href":"https:\/\/smho-smso.ca\/emhc\/wp-json\/wp\/v2\/media\/1135"}],"wp:attachment":[{"href":"https:\/\/smho-smso.ca\/emhc\/wp-json\/wp\/v2\/media?parent=1134"}],"wp:term":[{"taxonomy":"category","embeddable":true,"href":"https:\/\/smho-smso.ca\/emhc\/wp-json\/wp\/v2\/categories?post=1134"},{"taxonomy":"post_tag","embeddable":true,"href":"https:\/\/smho-smso.ca\/emhc\/wp-json\/wp\/v2\/tags?post=1134"}],"curies":[{"name":"wp","href":"https:\/\/api.w.org\/{rel}","templated":true}]}}