{"id":1131,"date":"2020-05-13T22:19:26","date_gmt":"2020-05-14T02:19:26","guid":{"rendered":"https:\/\/smho-smso.ca\/emhc\/?page_id=1131"},"modified":"2021-08-15T15:10:16","modified_gmt":"2021-08-15T19:10:16","slug":"demandez-a-trois-puis-a-moi","status":"publish","type":"page","link":"https:\/\/smho-smso.ca\/emhc\/gestion-du-stress-et-adaptation\/la-recherche-daide\/demandez-a-trois-puis-a-moi\/","title":{"rendered":"Demandez \u00e0 trois, puis \u00e0 moi"},"content":{"rendered":"\n<div class='accordion md-accordion' id='accordion0' role='tablist' aria-multiselectable='true'><div class='card'><div class='card-header' role='tab' id='Instructions-0'><a data-toggle='collapse' data-parent='#accordion0' href='#collapseOneInstructions-0' aria-expanded='true' aria-controls='collapseOneInstructions-0'><h3 class='mb-0'><em class='fas fa-angle-down rotate-icon'><\/em> Instructions<\/h3><\/a><\/div><div id='collapseOneInstructions-0' class='collapse show' role='tabpanel' aria-labelledby='collapseOneInstructions-0' data-parent='#accordion0'><div class='card-body'><p>Discutez\u00a0:<\/p>\n<ul>\n<li>de l\u2019importance de poser des questions et de demander de l\u2019aide;<\/li>\n<li>du fait que, toute question \u00e9tant bonne, poser une question peut aider d\u2019autres \u00e9l\u00e8ves qui peuvent se demander la m\u00eame chose.<\/li>\n<\/ul>\n<p>Pratiquez\u00a0:<\/p>\n<ul>\n<li>Avant de commencer toute activit\u00e9, expliquez que si un \u00e9l\u00e8ve a une question, il doit d\u2019abord la poser \u00e0 trois camarades autour de lui avant de venir chercher votre aide.<\/li>\n<li>Si un \u00e9l\u00e8ve vous pose une question, il faut, avant de r\u00e9pondre, lui demander : \u00ab As-tu d\u00e9j\u00e0 demand\u00e9 \u00e0 trois avant moi? \u00bb<\/li>\n<li>Si l\u2019\u00e9l\u00e8ve a d\u00e9j\u00e0 demand\u00e9 \u00e0 trois et n\u2019a pas eu de r\u00e9ponse satisfaisante, alors r\u00e9pondez \u00e0 la question et offrez-lui un renforcement positif pour avoir demand\u00e9 \u00e0 trois autres.<\/li>\n<\/ul>\n<p>R\u00e9troaction\u00a0:<\/p>\n<ul>\n<li>\u00c0 la fin de l\u2019activit\u00e9, utilisez la r\u00e9troaction pour renforcer la fa\u00e7on dont les \u00e9l\u00e8ves ont d\u00e9montr\u00e9 l\u2019utilisation efficace de cette pratique.<\/li>\n<li>Rappelez aux \u00e9l\u00e8ves d\u2019utiliser cette pratique de fa\u00e7on continue afin de les aider \u00e0 d\u00e9velopper cette comp\u00e9tence.<\/li>\n<\/ul>\n<\/div><\/div><\/div><div class='card'><div class='card-header' role='tab' id='Donnes-probantes-0'><a data-toggle='collapse' data-parent='#accordion0' href='#collapseOneDonnes-probantes-0' aria-expanded='false' aria-controls='collapseOneDonnes-probantes-0'><h3 class='mb-0'><em class='fas fa-angle-down rotate-icon'><\/em> Donn\u00e9es probantes<\/h3><\/a><\/div><div id='collapseOneDonnes-probantes-0' class='collapse' role='tabpanel' aria-labelledby='collapseOneDonnes-probantes-0' data-parent='#accordion0'><div class='card-body'><p>L\u2019apprentissage coop\u00e9ratif favorise les interactions sociales b\u00e9n\u00e9fiques en donnant aux \u00e9l\u00e8ves une occasion structur\u00e9e de partager les id\u00e9es et de discuter, d\u2019organiser leurs pens\u00e9es, et de travailler avec les autres \u00e9l\u00e8ves (Success for All Foundation, 2010). Ces occasions de collaboration structur\u00e9e renforcent le rendement acad\u00e9mique, augmentent la r\u00e9tention de l\u2019information, et am\u00e9liorent les relations entre pairs ainsi que la motivation intrins\u00e8que, le temps \u00e0 la t\u00e2che et les attitudes en salle de classe (Slavin, 1995).<\/p>\n<\/div><\/div><\/div><div class='card'><div class='card-header' role='tab' id='Rfrences-0'><a data-toggle='collapse' data-parent='#accordion0' href='#collapseOneRfrences-0' aria-expanded='false' aria-controls='collapseOneRfrences-0'><h3 class='mb-0'><em class='fas fa-angle-down rotate-icon'><\/em> R\u00e9f\u00e9rences<\/h3><\/a><\/div><div id='collapseOneRfrences-0' class='collapse' role='tabpanel' aria-labelledby='collapseOneRfrences-0' data-parent='#accordion0'><div class='card-body'><p>Slavin, R. (1995). <em>Cooperative learning: Theory, research, and practice (2nd Ed.).<\/em> Bostno: Allyn &amp; Bacon.<\/p>\n<p>Success for All Foundation (2010). <em>Power teaching cooperative learning handbook<\/em>. Retrieved from www.successforall.org<\/p>\n<\/div><\/div><\/div><\/div>\n","protected":false},"excerpt":{"rendered":"<p>Aider \u00e0 comprendre l\u2019importance de poser des questions et de demander de l\u2019aide<\/p>\n","protected":false},"author":2,"featured_media":1132,"parent":971,"menu_order":0,"comment_status":"closed","ping_status":"closed","template":"practice-template.php","meta":{"_acf_changed":false,"footnotes":""},"categories":[99,235,79,93,95,97,233],"tags":[],"class_list":["post-1131","page","type-page","status-publish","has-post-thumbnail","hentry","category-aucun-materiel-requis","category-comprendre","category-gestion-du-stress-et-adaptation","category-intermediaire","category-moyen","category-primaire","category-promouvoir"],"acf":[],"_links":{"self":[{"href":"https:\/\/smho-smso.ca\/emhc\/wp-json\/wp\/v2\/pages\/1131","targetHints":{"allow":["GET"]}}],"collection":[{"href":"https:\/\/smho-smso.ca\/emhc\/wp-json\/wp\/v2\/pages"}],"about":[{"href":"https:\/\/smho-smso.ca\/emhc\/wp-json\/wp\/v2\/types\/page"}],"author":[{"embeddable":true,"href":"https:\/\/smho-smso.ca\/emhc\/wp-json\/wp\/v2\/users\/2"}],"replies":[{"embeddable":true,"href":"https:\/\/smho-smso.ca\/emhc\/wp-json\/wp\/v2\/comments?post=1131"}],"version-history":[{"count":9,"href":"https:\/\/smho-smso.ca\/emhc\/wp-json\/wp\/v2\/pages\/1131\/revisions"}],"predecessor-version":[{"id":2938,"href":"https:\/\/smho-smso.ca\/emhc\/wp-json\/wp\/v2\/pages\/1131\/revisions\/2938"}],"up":[{"embeddable":true,"href":"https:\/\/smho-smso.ca\/emhc\/wp-json\/wp\/v2\/pages\/971"}],"wp:featuredmedia":[{"embeddable":true,"href":"https:\/\/smho-smso.ca\/emhc\/wp-json\/wp\/v2\/media\/1132"}],"wp:attachment":[{"href":"https:\/\/smho-smso.ca\/emhc\/wp-json\/wp\/v2\/media?parent=1131"}],"wp:term":[{"taxonomy":"category","embeddable":true,"href":"https:\/\/smho-smso.ca\/emhc\/wp-json\/wp\/v2\/categories?post=1131"},{"taxonomy":"post_tag","embeddable":true,"href":"https:\/\/smho-smso.ca\/emhc\/wp-json\/wp\/v2\/tags?post=1131"}],"curies":[{"name":"wp","href":"https:\/\/api.w.org\/{rel}","templated":true}]}}