{"id":1041,"date":"2020-05-11T16:16:52","date_gmt":"2020-05-11T20:16:52","guid":{"rendered":"https:\/\/smho-smso.ca\/emhc\/?page_id=1041"},"modified":"2020-07-14T21:01:24","modified_gmt":"2020-07-15T01:01:24","slug":"la-memoire-de-travail","status":"publish","type":"page","link":"https:\/\/smho-smso.ca\/emhc\/pensee-critique-et-creative-fonctions-executives\/la-memoire-de-travail\/","title":{"rendered":"La m\u00e9moire de travail"},"content":{"rendered":"","protected":false},"excerpt":{"rendered":"<p>La m\u00e9moire de travail joue un r\u00f4le important dans l\u2019apprentissage. Elle am\u00e9liore la capacit\u00e9 des \u00e9l\u00e8ves \u00e0 retenir et \u00e0 manipuler des informations distinctes sur de courtes p\u00e9riodes.<\/p>\n","protected":false},"author":2,"featured_media":1698,"parent":513,"menu_order":0,"comment_status":"closed","ping_status":"closed","template":"child-template.php","meta":{"_acf_changed":false,"footnotes":""},"categories":[],"tags":[],"class_list":["post-1041","page","type-page","status-publish","has-post-thumbnail","hentry"],"acf":[],"_links":{"self":[{"href":"https:\/\/smho-smso.ca\/emhc\/wp-json\/wp\/v2\/pages\/1041","targetHints":{"allow":["GET"]}}],"collection":[{"href":"https:\/\/smho-smso.ca\/emhc\/wp-json\/wp\/v2\/pages"}],"about":[{"href":"https:\/\/smho-smso.ca\/emhc\/wp-json\/wp\/v2\/types\/page"}],"author":[{"embeddable":true,"href":"https:\/\/smho-smso.ca\/emhc\/wp-json\/wp\/v2\/users\/2"}],"replies":[{"embeddable":true,"href":"https:\/\/smho-smso.ca\/emhc\/wp-json\/wp\/v2\/comments?post=1041"}],"version-history":[{"count":1,"href":"https:\/\/smho-smso.ca\/emhc\/wp-json\/wp\/v2\/pages\/1041\/revisions"}],"predecessor-version":[{"id":1042,"href":"https:\/\/smho-smso.ca\/emhc\/wp-json\/wp\/v2\/pages\/1041\/revisions\/1042"}],"up":[{"embeddable":true,"href":"https:\/\/smho-smso.ca\/emhc\/wp-json\/wp\/v2\/pages\/513"}],"wp:featuredmedia":[{"embeddable":true,"href":"https:\/\/smho-smso.ca\/emhc\/wp-json\/wp\/v2\/media\/1698"}],"wp:attachment":[{"href":"https:\/\/smho-smso.ca\/emhc\/wp-json\/wp\/v2\/media?parent=1041"}],"wp:term":[{"taxonomy":"category","embeddable":true,"href":"https:\/\/smho-smso.ca\/emhc\/wp-json\/wp\/v2\/categories?post=1041"},{"taxonomy":"post_tag","embeddable":true,"href":"https:\/\/smho-smso.ca\/emhc\/wp-json\/wp\/v2\/tags?post=1041"}],"curies":[{"name":"wp","href":"https:\/\/api.w.org\/{rel}","templated":true}]}}