{"id":1032,"date":"2020-05-11T16:14:23","date_gmt":"2020-05-11T20:14:23","guid":{"rendered":"https:\/\/smho-smso.ca\/emhc\/?page_id=1032"},"modified":"2020-07-14T21:14:54","modified_gmt":"2020-07-15T01:14:54","slug":"la-metacognition","status":"publish","type":"page","link":"https:\/\/smho-smso.ca\/emhc\/pensee-critique-et-creative-fonctions-executives\/la-metacognition\/","title":{"rendered":"La m\u00e9tacognition"},"content":{"rendered":"","protected":false},"excerpt":{"rendered":"<p>En enseignant aux \u00e9l\u00e8ves la m\u00e9tacognition \u2013 penser \u00e0 notre fa\u00e7on de penser \u2013 le personnel scolaire aide les \u00e9l\u00e8ves \u00e0 prendre conscience de leurs propres fa\u00e7ons d\u2019apprendre. Les \u00e9l\u00e8ves qui appliquent cette strat\u00e9gie ont tendance \u00e0 apprendre plus efficacement.<\/p>\n","protected":false},"author":2,"featured_media":1706,"parent":513,"menu_order":0,"comment_status":"closed","ping_status":"closed","template":"child-template.php","meta":{"_acf_changed":false,"footnotes":""},"categories":[],"tags":[],"class_list":["post-1032","page","type-page","status-publish","has-post-thumbnail","hentry"],"acf":[],"_links":{"self":[{"href":"https:\/\/smho-smso.ca\/emhc\/wp-json\/wp\/v2\/pages\/1032","targetHints":{"allow":["GET"]}}],"collection":[{"href":"https:\/\/smho-smso.ca\/emhc\/wp-json\/wp\/v2\/pages"}],"about":[{"href":"https:\/\/smho-smso.ca\/emhc\/wp-json\/wp\/v2\/types\/page"}],"author":[{"embeddable":true,"href":"https:\/\/smho-smso.ca\/emhc\/wp-json\/wp\/v2\/users\/2"}],"replies":[{"embeddable":true,"href":"https:\/\/smho-smso.ca\/emhc\/wp-json\/wp\/v2\/comments?post=1032"}],"version-history":[{"count":1,"href":"https:\/\/smho-smso.ca\/emhc\/wp-json\/wp\/v2\/pages\/1032\/revisions"}],"predecessor-version":[{"id":1033,"href":"https:\/\/smho-smso.ca\/emhc\/wp-json\/wp\/v2\/pages\/1032\/revisions\/1033"}],"up":[{"embeddable":true,"href":"https:\/\/smho-smso.ca\/emhc\/wp-json\/wp\/v2\/pages\/513"}],"wp:featuredmedia":[{"embeddable":true,"href":"https:\/\/smho-smso.ca\/emhc\/wp-json\/wp\/v2\/media\/1706"}],"wp:attachment":[{"href":"https:\/\/smho-smso.ca\/emhc\/wp-json\/wp\/v2\/media?parent=1032"}],"wp:term":[{"taxonomy":"category","embeddable":true,"href":"https:\/\/smho-smso.ca\/emhc\/wp-json\/wp\/v2\/categories?post=1032"},{"taxonomy":"post_tag","embeddable":true,"href":"https:\/\/smho-smso.ca\/emhc\/wp-json\/wp\/v2\/tags?post=1032"}],"curies":[{"name":"wp","href":"https:\/\/api.w.org\/{rel}","templated":true}]}}