{"id":1018,"date":"2020-05-11T16:04:46","date_gmt":"2020-05-11T20:04:46","guid":{"rendered":"https:\/\/smho-smso.ca\/emhc\/?page_id=1018"},"modified":"2020-07-15T17:02:37","modified_gmt":"2020-07-15T21:02:37","slug":"saffirmer","status":"publish","type":"page","link":"https:\/\/smho-smso.ca\/emhc\/conscience-de-soi-et-sentiment-didentite-personnelle\/saffirmer\/","title":{"rendered":"S\u2019affirmer"},"content":{"rendered":"","protected":false},"excerpt":{"rendered":"<p>Lorsque les \u00e9l\u00e8ves peuvent se d\u00e9fendre, tout en respectant les opinions des autres, ils acqui\u00e8rent de la confiance en soi et gagnent le respect des autres. Cette comp\u00e9tence peut aider \u00e0 \u00e9tablir des relations, \u00e0 g\u00e9rer des conflits et \u00e0 r\u00e9duire le stress.<\/p>\n","protected":false},"author":2,"featured_media":1717,"parent":511,"menu_order":0,"comment_status":"closed","ping_status":"closed","template":"child-template.php","meta":{"_acf_changed":false,"footnotes":""},"categories":[],"tags":[],"class_list":["post-1018","page","type-page","status-publish","has-post-thumbnail","hentry"],"acf":[],"_links":{"self":[{"href":"https:\/\/smho-smso.ca\/emhc\/wp-json\/wp\/v2\/pages\/1018","targetHints":{"allow":["GET"]}}],"collection":[{"href":"https:\/\/smho-smso.ca\/emhc\/wp-json\/wp\/v2\/pages"}],"about":[{"href":"https:\/\/smho-smso.ca\/emhc\/wp-json\/wp\/v2\/types\/page"}],"author":[{"embeddable":true,"href":"https:\/\/smho-smso.ca\/emhc\/wp-json\/wp\/v2\/users\/2"}],"replies":[{"embeddable":true,"href":"https:\/\/smho-smso.ca\/emhc\/wp-json\/wp\/v2\/comments?post=1018"}],"version-history":[{"count":1,"href":"https:\/\/smho-smso.ca\/emhc\/wp-json\/wp\/v2\/pages\/1018\/revisions"}],"predecessor-version":[{"id":1019,"href":"https:\/\/smho-smso.ca\/emhc\/wp-json\/wp\/v2\/pages\/1018\/revisions\/1019"}],"up":[{"embeddable":true,"href":"https:\/\/smho-smso.ca\/emhc\/wp-json\/wp\/v2\/pages\/511"}],"wp:featuredmedia":[{"embeddable":true,"href":"https:\/\/smho-smso.ca\/emhc\/wp-json\/wp\/v2\/media\/1717"}],"wp:attachment":[{"href":"https:\/\/smho-smso.ca\/emhc\/wp-json\/wp\/v2\/media?parent=1018"}],"wp:term":[{"taxonomy":"category","embeddable":true,"href":"https:\/\/smho-smso.ca\/emhc\/wp-json\/wp\/v2\/categories?post=1018"},{"taxonomy":"post_tag","embeddable":true,"href":"https:\/\/smho-smso.ca\/emhc\/wp-json\/wp\/v2\/tags?post=1018"}],"curies":[{"name":"wp","href":"https:\/\/api.w.org\/{rel}","templated":true}]}}