{"id":1015,"date":"2020-05-11T16:03:32","date_gmt":"2020-05-11T20:03:32","guid":{"rendered":"https:\/\/smho-smso.ca\/emhc\/?page_id=1015"},"modified":"2020-07-14T20:44:45","modified_gmt":"2020-07-15T00:44:45","slug":"lecoute","status":"publish","type":"page","link":"https:\/\/smho-smso.ca\/emhc\/relations-saines\/lecoute\/","title":{"rendered":"L\u2019\u00e9coute"},"content":{"rendered":"","protected":false},"excerpt":{"rendered":"<p>L\u2019\u00e9coute active am\u00e9liore l\u2019empathie et l\u2019acceptation des diff\u00e9rences. Les \u00e9l\u00e8ves qui sont capables de bien \u00e9couter les autres sont davantage r\u00e9ceptifs aux besoins et aux perspectives des autres, ce qui peut renforcer les relations sociales.<\/p>\n","protected":false},"author":2,"featured_media":1692,"parent":509,"menu_order":6,"comment_status":"closed","ping_status":"closed","template":"child-template.php","meta":{"_acf_changed":false,"footnotes":""},"categories":[],"tags":[],"class_list":["post-1015","page","type-page","status-publish","has-post-thumbnail","hentry"],"acf":[],"_links":{"self":[{"href":"https:\/\/smho-smso.ca\/emhc\/wp-json\/wp\/v2\/pages\/1015","targetHints":{"allow":["GET"]}}],"collection":[{"href":"https:\/\/smho-smso.ca\/emhc\/wp-json\/wp\/v2\/pages"}],"about":[{"href":"https:\/\/smho-smso.ca\/emhc\/wp-json\/wp\/v2\/types\/page"}],"author":[{"embeddable":true,"href":"https:\/\/smho-smso.ca\/emhc\/wp-json\/wp\/v2\/users\/2"}],"replies":[{"embeddable":true,"href":"https:\/\/smho-smso.ca\/emhc\/wp-json\/wp\/v2\/comments?post=1015"}],"version-history":[{"count":1,"href":"https:\/\/smho-smso.ca\/emhc\/wp-json\/wp\/v2\/pages\/1015\/revisions"}],"predecessor-version":[{"id":1016,"href":"https:\/\/smho-smso.ca\/emhc\/wp-json\/wp\/v2\/pages\/1015\/revisions\/1016"}],"up":[{"embeddable":true,"href":"https:\/\/smho-smso.ca\/emhc\/wp-json\/wp\/v2\/pages\/509"}],"wp:featuredmedia":[{"embeddable":true,"href":"https:\/\/smho-smso.ca\/emhc\/wp-json\/wp\/v2\/media\/1692"}],"wp:attachment":[{"href":"https:\/\/smho-smso.ca\/emhc\/wp-json\/wp\/v2\/media?parent=1015"}],"wp:term":[{"taxonomy":"category","embeddable":true,"href":"https:\/\/smho-smso.ca\/emhc\/wp-json\/wp\/v2\/categories?post=1015"},{"taxonomy":"post_tag","embeddable":true,"href":"https:\/\/smho-smso.ca\/emhc\/wp-json\/wp\/v2\/tags?post=1015"}],"curies":[{"name":"wp","href":"https:\/\/api.w.org\/{rel}","templated":true}]}}