{"id":1006,"date":"2020-05-11T16:00:49","date_gmt":"2020-05-11T20:00:49","guid":{"rendered":"https:\/\/smho-smso.ca\/emhc\/?page_id=1006"},"modified":"2020-07-14T20:24:19","modified_gmt":"2020-07-15T00:24:19","slug":"etre-respectueux","status":"publish","type":"page","link":"https:\/\/smho-smso.ca\/emhc\/relations-saines\/etre-respectueux\/","title":{"rendered":"\u00catre respectueux"},"content":{"rendered":"","protected":false},"excerpt":{"rendered":"<p>Apprendre aux \u00e9l\u00e8ves \u00e0 reconna\u00eetre que les gens sont \u00e0 la fois pareils et diff\u00e9rents, et \u00e0 accepter ces diff\u00e9rences, peut les aider \u00e0 appr\u00e9cier la diversit\u00e9 et les encourager \u00e0 traiter les autres avec respect et bienveillance.<\/p>\n","protected":false},"author":2,"featured_media":1685,"parent":509,"menu_order":3,"comment_status":"closed","ping_status":"closed","template":"child-template.php","meta":{"_acf_changed":false,"footnotes":""},"categories":[],"tags":[],"class_list":["post-1006","page","type-page","status-publish","has-post-thumbnail","hentry"],"acf":[],"_links":{"self":[{"href":"https:\/\/smho-smso.ca\/emhc\/wp-json\/wp\/v2\/pages\/1006","targetHints":{"allow":["GET"]}}],"collection":[{"href":"https:\/\/smho-smso.ca\/emhc\/wp-json\/wp\/v2\/pages"}],"about":[{"href":"https:\/\/smho-smso.ca\/emhc\/wp-json\/wp\/v2\/types\/page"}],"author":[{"embeddable":true,"href":"https:\/\/smho-smso.ca\/emhc\/wp-json\/wp\/v2\/users\/2"}],"replies":[{"embeddable":true,"href":"https:\/\/smho-smso.ca\/emhc\/wp-json\/wp\/v2\/comments?post=1006"}],"version-history":[{"count":1,"href":"https:\/\/smho-smso.ca\/emhc\/wp-json\/wp\/v2\/pages\/1006\/revisions"}],"predecessor-version":[{"id":1007,"href":"https:\/\/smho-smso.ca\/emhc\/wp-json\/wp\/v2\/pages\/1006\/revisions\/1007"}],"up":[{"embeddable":true,"href":"https:\/\/smho-smso.ca\/emhc\/wp-json\/wp\/v2\/pages\/509"}],"wp:featuredmedia":[{"embeddable":true,"href":"https:\/\/smho-smso.ca\/emhc\/wp-json\/wp\/v2\/media\/1685"}],"wp:attachment":[{"href":"https:\/\/smho-smso.ca\/emhc\/wp-json\/wp\/v2\/media?parent=1006"}],"wp:term":[{"taxonomy":"category","embeddable":true,"href":"https:\/\/smho-smso.ca\/emhc\/wp-json\/wp\/v2\/categories?post=1006"},{"taxonomy":"post_tag","embeddable":true,"href":"https:\/\/smho-smso.ca\/emhc\/wp-json\/wp\/v2\/tags?post=1006"}],"curies":[{"name":"wp","href":"https:\/\/api.w.org\/{rel}","templated":true}]}}