{"id":21,"date":"2025-01-09T22:27:38","date_gmt":"2025-01-09T22:27:38","guid":{"rendered":"https:\/\/smho-smso.ca\/by-your-side\/?page_id=21"},"modified":"2025-01-30T20:12:18","modified_gmt":"2025-01-30T20:12:18","slug":"a-vos-cotes-la-boite-a-outils","status":"publish","type":"page","link":"https:\/\/smho-smso.ca\/by-your-side\/fr\/","title":{"rendered":"\u00c0 vos c\u00f4t\u00e9s : la bo\u00eete \u00e0 outils"},"content":{"rendered":"\n<div class=\"wp-block-columns is-layout-flex wp-container-core-columns-is-layout-9d6595d7 wp-block-columns-is-layout-flex\">\n<div class=\"wp-block-column is-vertically-aligned-top is-layout-flow wp-block-column-is-layout-flow\" style=\"flex-basis:47%\"><div class=\"wp-block-image\">\n<figure class=\"aligncenter size-full\"><img loading=\"lazy\" decoding=\"async\" width=\"960\" height=\"800\" src=\"https:\/\/smho-smso.ca\/by-your-side\/wp-content\/uploads\/sites\/13\/2025\/01\/Aider-les-familles-a-naviguer.jpg\" alt=\"Un adulte s'agenouille et parle \u00e0 une petite fille.\" class=\"wp-image-27\" srcset=\"https:\/\/smho-smso.ca\/by-your-side\/wp-content\/uploads\/sites\/13\/2025\/01\/Aider-les-familles-a-naviguer.jpg 960w, https:\/\/smho-smso.ca\/by-your-side\/wp-content\/uploads\/sites\/13\/2025\/01\/Aider-les-familles-a-naviguer-300x250.jpg 300w, https:\/\/smho-smso.ca\/by-your-side\/wp-content\/uploads\/sites\/13\/2025\/01\/Aider-les-familles-a-naviguer-768x640.jpg 768w\" sizes=\"auto, (max-width: 960px) 100vw, 960px\" \/><\/figure>\n<\/div><\/div>\n\n\n\n<div class=\"wp-block-column is-layout-flow wp-block-column-is-layout-flow\" style=\"flex-basis:6%\"><\/div>\n\n\n\n<div class=\"wp-block-column is-layout-flow wp-block-column-is-layout-flow\" style=\"flex-basis:47%\">\n<h2 class=\"wp-block-heading\" class=\"wp-block-heading\" id=\"aidons-les-familles-a-sorienter-dans-la-litteratie-en-matiere-de-sante-mentale-et-les-soutiens\"><strong>Aidons&nbsp;les familles \u00e0&nbsp;s\u2019orienter&nbsp;dans la litt\u00e9ratie en mati\u00e8re de sant\u00e9 mentale et les soutiens.<\/strong><\/h2>\n\n\n\n<hr class=\"wp-block-separator has-alpha-channel-opacity\"\/>\n\n\n\n<p>Les principaux sujets abord\u00e9s sont les suivants\u202f:&nbsp;<\/p>\n\n\n\n<ul class=\"wp-block-list\">\n<li>comprendre la sant\u00e9 mentale&nbsp;&nbsp;&nbsp;<\/li>\n\n\n\n<li>la sant\u00e9 mentale \u00e0 la maison\u00a0<\/li>\n\n\n\n<li>la sant\u00e9 mentale \u00e0 l&#8217;\u00e9cole<\/li>\n\n\n\n<li>g\u00e9rer le stress et l\u2019anxi\u00e9t\u00e9&nbsp;&nbsp;&nbsp;&nbsp;<\/li>\n\n\n\n<li>pr\u00e9venir la consommation de substances&nbsp;&nbsp;&nbsp;<\/li>\n\n\n\n<li>naviguer dans l\u2019utilisation de la technologie num\u00e9rique&nbsp;&nbsp;&nbsp;<\/li>\n\n\n\n<li>demander de l\u2019aide&nbsp;<\/li>\n<\/ul>\n\n\n\n<p>Les ressources et les soutiens sont disponibles en plusieurs formats, y compris du contenu Web, des fichiers PDF, des vid\u00e9os et des webinaires pour que les familles puissent facilement acc\u00e9der \u00e0 de l\u2019information et \u00e0 des strat\u00e9gies qui favorisent la sant\u00e9 mentale et le bien-\u00eatre au foyer.<\/p>\n<\/div>\n<\/div>\n\n\n\n<hr class=\"wp-block-separator has-alpha-channel-opacity\"\/>\n\n\n\n<div class=\"wp-block-columns is-layout-flex wp-container-core-columns-is-layout-9d6595d7 wp-block-columns-is-layout-flex\">\n<div class=\"wp-block-column is-layout-flow wp-block-column-is-layout-flow\" style=\"flex-basis:43%\">\n<h2 class=\"wp-block-heading\" class=\"wp-block-heading\" id=\"boite-a-outils-a-vos-cotes\"><strong><strong>Bo\u00eete \u00e0 outils<\/strong> <strong>\u00c0 vos c\u00f4t\u00e9s<\/strong><\/strong><\/h2>\n\n\n\n<hr class=\"wp-block-separator has-alpha-channel-opacity\"\/>\n\n\n\n<p>La <strong>bo\u00eete \u00e0 outils<\/strong> <strong>\u00c0 vos c\u00f4t\u00e9s<\/strong> est con\u00e7ue pour fournir au personnel des \u00e9coles et des conseils scolaires des ressources accessibles et pr\u00eates \u00e0 l\u2019emploi qui facilitent les liens avec les familles et favorisent l\u2019apprentissage de la sant\u00e9 mentale dans votre communaut\u00e9 scolaire.&nbsp;<\/p>\n\n\n\n<p><strong>\u00c0 quoi s\u2019attendre :&nbsp;<\/strong><\/p>\n\n\n\n<ul class=\"wp-block-list\">\n<li>Des<strong> fiches-info<\/strong> et de <strong>courtes vid\u00e9os<\/strong> adapt\u00e9es aux parents et aux aidants naturels;&nbsp;<\/li>\n\n\n\n<li>Des <strong>diaporamas<\/strong> et des <strong>articles pr\u00e9-\u00e9crits<\/strong> pour soutenir vos activit\u00e9s d\u2019apprentissage et vos communications;&nbsp;<\/li>\n\n\n\n<li>Un accompagnement continu pour vous offrir des <strong>conseils<\/strong>, du <strong>soutien <\/strong>et de <strong>nouvelles ressources<\/strong> tout au long de votre parcours.&nbsp;<\/li>\n<\/ul>\n<\/div>\n\n\n\n<div class=\"wp-block-column is-layout-flow wp-block-column-is-layout-flow\" style=\"flex-basis:6%\"><\/div>\n\n\n\n<div class=\"wp-block-column is-vertically-aligned-top is-layout-flow wp-block-column-is-layout-flow\" style=\"flex-basis:43%\"><div class=\"wp-block-image\">\n<figure class=\"aligncenter size-full\"><img loading=\"lazy\" decoding=\"async\" width=\"960\" height=\"800\" src=\"https:\/\/smho-smso.ca\/by-your-side\/wp-content\/uploads\/sites\/13\/2025\/01\/A-cote-de-la-plaque-l-outil-de-travail.jpg\" alt=\"Deux personnes en train de parler\" class=\"wp-image-26\" srcset=\"https:\/\/smho-smso.ca\/by-your-side\/wp-content\/uploads\/sites\/13\/2025\/01\/A-cote-de-la-plaque-l-outil-de-travail.jpg 960w, https:\/\/smho-smso.ca\/by-your-side\/wp-content\/uploads\/sites\/13\/2025\/01\/A-cote-de-la-plaque-l-outil-de-travail-300x250.jpg 300w, https:\/\/smho-smso.ca\/by-your-side\/wp-content\/uploads\/sites\/13\/2025\/01\/A-cote-de-la-plaque-l-outil-de-travail-768x640.jpg 768w\" sizes=\"auto, (max-width: 960px) 100vw, 960px\" \/><\/figure>\n<\/div><\/div>\n<\/div>\n","protected":false},"excerpt":{"rendered":"<p>Aidons&nbsp;les familles \u00e0&nbsp;s\u2019orienter&nbsp;dans la litt\u00e9ratie en mati\u00e8re de sant\u00e9 mentale et les soutiens. Les principaux sujets abord\u00e9s sont les suivants\u202f:&nbsp; Les ressources et les soutiens sont disponibles en plusieurs formats, y compris du contenu Web, des fichiers PDF, des vid\u00e9os et des webinaires pour que les familles puissent facilement acc\u00e9der \u00e0 de l\u2019information et \u00e0 [&hellip;]<\/p>\n","protected":false},"author":2,"featured_media":0,"parent":0,"menu_order":0,"comment_status":"closed","ping_status":"closed","template":"","meta":{"_acf_changed":false,"footnotes":""},"class_list":["post-21","page","type-page","status-publish","hentry"],"acf":[],"_links":{"self":[{"href":"https:\/\/smho-smso.ca\/by-your-side\/wp-json\/wp\/v2\/pages\/21","targetHints":{"allow":["GET"]}}],"collection":[{"href":"https:\/\/smho-smso.ca\/by-your-side\/wp-json\/wp\/v2\/pages"}],"about":[{"href":"https:\/\/smho-smso.ca\/by-your-side\/wp-json\/wp\/v2\/types\/page"}],"author":[{"embeddable":true,"href":"https:\/\/smho-smso.ca\/by-your-side\/wp-json\/wp\/v2\/users\/2"}],"replies":[{"embeddable":true,"href":"https:\/\/smho-smso.ca\/by-your-side\/wp-json\/wp\/v2\/comments?post=21"}],"version-history":[{"count":6,"href":"https:\/\/smho-smso.ca\/by-your-side\/wp-json\/wp\/v2\/pages\/21\/revisions"}],"predecessor-version":[{"id":34,"href":"https:\/\/smho-smso.ca\/by-your-side\/wp-json\/wp\/v2\/pages\/21\/revisions\/34"}],"wp:attachment":[{"href":"https:\/\/smho-smso.ca\/by-your-side\/wp-json\/wp\/v2\/media?parent=21"}],"curies":[{"name":"wp","href":"https:\/\/api.w.org\/{rel}","templated":true}]}}